{"id":1039,"date":"2025-02-08T11:15:01","date_gmt":"2025-02-08T11:15:01","guid":{"rendered":"https:\/\/themes.potenzaglobalsolutions.com\/interium\/?page_id=1039"},"modified":"2026-04-06T12:43:58","modified_gmt":"2026-04-06T11:43:58","slug":"about-us-2","status":"publish","type":"page","link":"https:\/\/lookarna.com\/index.php\/about-us-2\/","title":{"rendered":"O nas"},"content":{"rendered":"\t\t<div data-elementor-type=\"wp-page\" data-elementor-id=\"1039\" class=\"elementor elementor-1039\">\n\t\t\t\t<div class=\"elementor-element elementor-element-8caa65d e-grid e-con-boxed e-con e-parent\" data-id=\"8caa65d\" data-element_type=\"container\">\n\t\t\t\t\t<div class=\"e-con-inner\">\n\t\t\t\t<div class=\"elementor-element elementor-element-9bd7540 elementor-widget elementor-widget-text-editor\" data-id=\"9bd7540\" data-element_type=\"widget\" data-widget_type=\"text-editor.default\">\n\t\t\t\t\t\t\t\t\t<h1>O Lookarnie<\/h1><p>Prowadz\u0119 autorsk\u0105 pracowni\u0119 Lookarna studio architektury, w kt\u00f3rej projektowanie zaczyna si\u0119 od rozmowy i uwa\u017cnego ws\u0142uchania si\u0119 w potrzeby przysz\u0142ych u\u017cytkownik\u00f3w. Wierz\u0119, \u017ce dobra architektura powstaje w dialogu &#8211; z klientem, miejscem i kontekstem.<\/p><p>Nazywam si\u0119 Anna \u0141ukaszewska. Jestem architektk\u0105 z do\u015bwiadczeniem zawodowym, zdobywanym w biurach architektonicznych w \u0141odzi oraz Warszawie. Na Wydziale Architektury Politechniki Pozna\u0144skiej uzyska\u0142am tytu\u0142 magistra in\u017cyniera architekta, a cz\u0119\u015b\u0107 studi\u00f3w realizowa\u0142am na Universidade de Lisboa. Do\u015bwiadczenia zdobyte w Polsce i Portugalii ukszta\u0142towa\u0142y moje podej\u015bcie do projektowania &#8211; wra\u017cliwe na \u015bwiat\u0142o, proporcje, relacj\u0119 wn\u0119trza z otoczeniem oraz lokalny kontekst.<\/p><p>Posiadam uprawnienia architektoniczne do projektowania bez ogranicze\u0144, co pozwala mi prowadzi\u0107 projekty kompleksowo &#8211; od pierwszej koncepcji, przez analizy formalne, po dokumentacj\u0119 techniczn\u0105 i realizacyjn\u0105.<\/p><p>Bliskie s\u0105 mi rozwi\u0105zania energooszcz\u0119dne, ekologiczne i racjonalne technologicznie. Nie pod\u0105\u017cam za chwilow\u0105 mod\u0105 &#8211; zale\u017cy mi na architekturze, kt\u00f3ra pozostaje czytelna i funkcjonalna niezale\u017cnie od zmieniaj\u0105cych si\u0119 trend\u00f3w.<\/p>\t\t\t\t\t\t\t\t<\/div>\n\t\t\t\t<div class=\"elementor-element elementor-element-57bc2e9 elementor-widget elementor-widget-image\" data-id=\"57bc2e9\" data-element_type=\"widget\" data-widget_type=\"image.default\">\n\t\t\t\t\t\t\t\t\t\t\t\t\t\t\t<img fetchpriority=\"high\" decoding=\"async\" width=\"640\" height=\"893\" src=\"http:\/\/lookarna.com\/wp-content\/uploads\/2026\/02\/IMG_1710-734x1024.jpg\" class=\"attachment-large size-large wp-image-3301\" alt=\"\" srcset=\"http:\/\/lookarna.com\/wp-content\/uploads\/2026\/02\/IMG_1710-734x1024.jpg 734w, http:\/\/lookarna.com\/wp-content\/uploads\/2026\/02\/IMG_1710-215x300.jpg 215w, http:\/\/lookarna.com\/wp-content\/uploads\/2026\/02\/IMG_1710-768x1072.jpg 768w, http:\/\/lookarna.com\/wp-content\/uploads\/2026\/02\/IMG_1710-1100x1536.jpg 1100w, http:\/\/lookarna.com\/wp-content\/uploads\/2026\/02\/IMG_1710-1467x2048.jpg 1467w, http:\/\/lookarna.com\/wp-content\/uploads\/2026\/02\/IMG_1710-scaled.jpg 1834w\" sizes=\"(max-width: 640px) 100vw, 640px\" \/>\t\t\t\t\t\t\t\t\t\t\t\t\t\t\t<\/div>\n\t\t\t\t\t<\/div>\n\t\t\t\t<\/div>\n\t\t\t\t<\/div>\n\t\t","protected":false},"excerpt":{"rendered":"<p>O Lookarnie Prowadz\u0119 autorsk\u0105 pracowni\u0119 Lookarna studio architektury, w kt\u00f3rej projektowanie zaczyna si\u0119 od rozmowy i uwa\u017cnego ws\u0142uchania si\u0119 w potrzeby przysz\u0142ych u\u017cytkownik\u00f3w. Wierz\u0119, \u017ce dobra architektura powstaje w dialogu &#8211; z klientem, miejscem i kontekstem. Nazywam si\u0119 Anna \u0141ukaszewska. Jestem architektk\u0105 z do\u015bwiadczeniem zawodowym, zdobywanym w biurach architektonicznych w \u0141odzi oraz Warszawie. Na Wydziale [&hellip;]<\/p>\n","protected":false},"author":1,"featured_media":0,"parent":0,"menu_order":0,"comment_status":"closed","ping_status":"closed","template":"elementor_header_footer","meta":{"_acf_changed":false,"footnotes":""},"class_list":["post-1039","page","type-page","status-publish","hentry"],"yoast_head":"<!-- This site is optimized with the Yoast SEO plugin v27.3 - https:\/\/yoast.com\/product\/yoast-seo-wordpress\/ -->\n<title>Lookarna - O nas<\/title>\n<meta name=\"robots\" content=\"index, follow, max-snippet:-1, max-image-preview:large, max-video-preview:-1\" \/>\n<link rel=\"canonical\" href=\"http:\/\/lookarna.com\/index.php\/about-us-2\/\" \/>\n<meta property=\"og:locale\" content=\"pl_PL\" \/>\n<meta property=\"og:type\" content=\"article\" \/>\n<meta property=\"og:title\" content=\"Lookarna - O nas\" \/>\n<meta property=\"og:description\" content=\"O Lookarnie Prowadz\u0119 autorsk\u0105 pracowni\u0119 Lookarna studio architektury, w kt\u00f3rej projektowanie zaczyna si\u0119 od rozmowy i uwa\u017cnego ws\u0142uchania si\u0119 w potrzeby przysz\u0142ych u\u017cytkownik\u00f3w. Wierz\u0119, \u017ce dobra architektura powstaje w dialogu &#8211; z klientem, miejscem i kontekstem. Nazywam si\u0119 Anna \u0141ukaszewska. Jestem architektk\u0105 z do\u015bwiadczeniem zawodowym, zdobywanym w biurach architektonicznych w \u0141odzi oraz Warszawie. Na Wydziale [&hellip;]\" \/>\n<meta property=\"og:url\" content=\"http:\/\/lookarna.com\/index.php\/about-us-2\/\" \/>\n<meta property=\"og:site_name\" content=\"Interium\" \/>\n<meta property=\"article:modified_time\" content=\"2026-04-06T11:43:58+00:00\" \/>\n<meta property=\"og:image\" content=\"http:\/\/lookarna.com\/wp-content\/uploads\/2026\/02\/IMG_1710-734x1024.jpg\" \/>\n<meta name=\"twitter:card\" content=\"summary_large_image\" \/>\n<meta name=\"twitter:label1\" content=\"Szacowany czas czytania\" \/>\n\t<meta name=\"twitter:data1\" content=\"2 minuty\" \/>\n<script type=\"application\/ld+json\" class=\"yoast-schema-graph\">{\"@context\":\"https:\\\/\\\/schema.org\",\"@graph\":[{\"@type\":\"WebPage\",\"@id\":\"http:\\\/\\\/lookarna.com\\\/index.php\\\/about-us-2\\\/\",\"url\":\"http:\\\/\\\/lookarna.com\\\/index.php\\\/about-us-2\\\/\",\"name\":\"Lookarna - O nas\",\"isPartOf\":{\"@id\":\"http:\\\/\\\/lookarna.com\\\/#website\"},\"primaryImageOfPage\":{\"@id\":\"http:\\\/\\\/lookarna.com\\\/index.php\\\/about-us-2\\\/#primaryimage\"},\"image\":{\"@id\":\"http:\\\/\\\/lookarna.com\\\/index.php\\\/about-us-2\\\/#primaryimage\"},\"thumbnailUrl\":\"http:\\\/\\\/lookarna.com\\\/wp-content\\\/uploads\\\/2026\\\/02\\\/IMG_1710-734x1024.jpg\",\"datePublished\":\"2025-02-08T11:15:01+00:00\",\"dateModified\":\"2026-04-06T11:43:58+00:00\",\"breadcrumb\":{\"@id\":\"http:\\\/\\\/lookarna.com\\\/index.php\\\/about-us-2\\\/#breadcrumb\"},\"inLanguage\":\"pl-PL\",\"potentialAction\":[{\"@type\":\"ReadAction\",\"target\":[\"http:\\\/\\\/lookarna.com\\\/index.php\\\/about-us-2\\\/\"]}]},{\"@type\":\"ImageObject\",\"inLanguage\":\"pl-PL\",\"@id\":\"http:\\\/\\\/lookarna.com\\\/index.php\\\/about-us-2\\\/#primaryimage\",\"url\":\"http:\\\/\\\/lookarna.com\\\/wp-content\\\/uploads\\\/2026\\\/02\\\/IMG_1710-734x1024.jpg\",\"contentUrl\":\"http:\\\/\\\/lookarna.com\\\/wp-content\\\/uploads\\\/2026\\\/02\\\/IMG_1710-734x1024.jpg\"},{\"@type\":\"BreadcrumbList\",\"@id\":\"http:\\\/\\\/lookarna.com\\\/index.php\\\/about-us-2\\\/#breadcrumb\",\"itemListElement\":[{\"@type\":\"ListItem\",\"position\":1,\"name\":\"Strona g\u0142\u00f3wna\",\"item\":\"http:\\\/\\\/lookarna.com\\\/\"},{\"@type\":\"ListItem\",\"position\":2,\"name\":\"O nas\"}]},{\"@type\":\"WebSite\",\"@id\":\"http:\\\/\\\/lookarna.com\\\/#website\",\"url\":\"http:\\\/\\\/lookarna.com\\\/\",\"name\":\"Interium\",\"description\":\"Architektura tworzona w dialogu\",\"publisher\":{\"@id\":\"http:\\\/\\\/lookarna.com\\\/#organization\"},\"potentialAction\":[{\"@type\":\"SearchAction\",\"target\":{\"@type\":\"EntryPoint\",\"urlTemplate\":\"http:\\\/\\\/lookarna.com\\\/?s={search_term_string}\"},\"query-input\":{\"@type\":\"PropertyValueSpecification\",\"valueRequired\":true,\"valueName\":\"search_term_string\"}}],\"inLanguage\":\"pl-PL\"},{\"@type\":\"Organization\",\"@id\":\"http:\\\/\\\/lookarna.com\\\/#organization\",\"name\":\"Interium\",\"url\":\"http:\\\/\\\/lookarna.com\\\/\",\"logo\":{\"@type\":\"ImageObject\",\"inLanguage\":\"pl-PL\",\"@id\":\"http:\\\/\\\/lookarna.com\\\/#\\\/schema\\\/logo\\\/image\\\/\",\"url\":\"https:\\\/\\\/lookarna.com\\\/wp-content\\\/uploads\\\/2026\\\/02\\\/logo-poziom-small-scaled.png\",\"contentUrl\":\"https:\\\/\\\/lookarna.com\\\/wp-content\\\/uploads\\\/2026\\\/02\\\/logo-poziom-small-scaled.png\",\"width\":2560,\"height\":872,\"caption\":\"Interium\"},\"image\":{\"@id\":\"http:\\\/\\\/lookarna.com\\\/#\\\/schema\\\/logo\\\/image\\\/\"}}]}<\/script>\n<!-- \/ Yoast SEO plugin. -->","yoast_head_json":{"title":"Lookarna - O nas","robots":{"index":"index","follow":"follow","max-snippet":"max-snippet:-1","max-image-preview":"max-image-preview:large","max-video-preview":"max-video-preview:-1"},"canonical":"http:\/\/lookarna.com\/index.php\/about-us-2\/","og_locale":"pl_PL","og_type":"article","og_title":"Lookarna - O nas","og_description":"O Lookarnie Prowadz\u0119 autorsk\u0105 pracowni\u0119 Lookarna studio architektury, w kt\u00f3rej projektowanie zaczyna si\u0119 od rozmowy i uwa\u017cnego ws\u0142uchania si\u0119 w potrzeby przysz\u0142ych u\u017cytkownik\u00f3w. Wierz\u0119, \u017ce dobra architektura powstaje w dialogu &#8211; z klientem, miejscem i kontekstem. Nazywam si\u0119 Anna \u0141ukaszewska. Jestem architektk\u0105 z do\u015bwiadczeniem zawodowym, zdobywanym w biurach architektonicznych w \u0141odzi oraz Warszawie. Na Wydziale [&hellip;]","og_url":"http:\/\/lookarna.com\/index.php\/about-us-2\/","og_site_name":"Interium","article_modified_time":"2026-04-06T11:43:58+00:00","og_image":[{"url":"http:\/\/lookarna.com\/wp-content\/uploads\/2026\/02\/IMG_1710-734x1024.jpg","type":"","width":"","height":""}],"twitter_card":"summary_large_image","twitter_misc":{"Szacowany czas czytania":"2 minuty"},"schema":{"@context":"https:\/\/schema.org","@graph":[{"@type":"WebPage","@id":"http:\/\/lookarna.com\/index.php\/about-us-2\/","url":"http:\/\/lookarna.com\/index.php\/about-us-2\/","name":"Lookarna - O nas","isPartOf":{"@id":"http:\/\/lookarna.com\/#website"},"primaryImageOfPage":{"@id":"http:\/\/lookarna.com\/index.php\/about-us-2\/#primaryimage"},"image":{"@id":"http:\/\/lookarna.com\/index.php\/about-us-2\/#primaryimage"},"thumbnailUrl":"http:\/\/lookarna.com\/wp-content\/uploads\/2026\/02\/IMG_1710-734x1024.jpg","datePublished":"2025-02-08T11:15:01+00:00","dateModified":"2026-04-06T11:43:58+00:00","breadcrumb":{"@id":"http:\/\/lookarna.com\/index.php\/about-us-2\/#breadcrumb"},"inLanguage":"pl-PL","potentialAction":[{"@type":"ReadAction","target":["http:\/\/lookarna.com\/index.php\/about-us-2\/"]}]},{"@type":"ImageObject","inLanguage":"pl-PL","@id":"http:\/\/lookarna.com\/index.php\/about-us-2\/#primaryimage","url":"http:\/\/lookarna.com\/wp-content\/uploads\/2026\/02\/IMG_1710-734x1024.jpg","contentUrl":"http:\/\/lookarna.com\/wp-content\/uploads\/2026\/02\/IMG_1710-734x1024.jpg"},{"@type":"BreadcrumbList","@id":"http:\/\/lookarna.com\/index.php\/about-us-2\/#breadcrumb","itemListElement":[{"@type":"ListItem","position":1,"name":"Strona g\u0142\u00f3wna","item":"http:\/\/lookarna.com\/"},{"@type":"ListItem","position":2,"name":"O nas"}]},{"@type":"WebSite","@id":"http:\/\/lookarna.com\/#website","url":"http:\/\/lookarna.com\/","name":"Interium","description":"Architektura tworzona w dialogu","publisher":{"@id":"http:\/\/lookarna.com\/#organization"},"potentialAction":[{"@type":"SearchAction","target":{"@type":"EntryPoint","urlTemplate":"http:\/\/lookarna.com\/?s={search_term_string}"},"query-input":{"@type":"PropertyValueSpecification","valueRequired":true,"valueName":"search_term_string"}}],"inLanguage":"pl-PL"},{"@type":"Organization","@id":"http:\/\/lookarna.com\/#organization","name":"Interium","url":"http:\/\/lookarna.com\/","logo":{"@type":"ImageObject","inLanguage":"pl-PL","@id":"http:\/\/lookarna.com\/#\/schema\/logo\/image\/","url":"https:\/\/lookarna.com\/wp-content\/uploads\/2026\/02\/logo-poziom-small-scaled.png","contentUrl":"https:\/\/lookarna.com\/wp-content\/uploads\/2026\/02\/logo-poziom-small-scaled.png","width":2560,"height":872,"caption":"Interium"},"image":{"@id":"http:\/\/lookarna.com\/#\/schema\/logo\/image\/"}}]}},"acf":[],"_links":{"self":[{"href":"https:\/\/lookarna.com\/index.php\/wp-json\/wp\/v2\/pages\/1039","targetHints":{"allow":["GET"]}}],"collection":[{"href":"https:\/\/lookarna.com\/index.php\/wp-json\/wp\/v2\/pages"}],"about":[{"href":"https:\/\/lookarna.com\/index.php\/wp-json\/wp\/v2\/types\/page"}],"author":[{"embeddable":true,"href":"https:\/\/lookarna.com\/index.php\/wp-json\/wp\/v2\/users\/1"}],"replies":[{"embeddable":true,"href":"https:\/\/lookarna.com\/index.php\/wp-json\/wp\/v2\/comments?post=1039"}],"version-history":[{"count":8,"href":"https:\/\/lookarna.com\/index.php\/wp-json\/wp\/v2\/pages\/1039\/revisions"}],"predecessor-version":[{"id":3304,"href":"https:\/\/lookarna.com\/index.php\/wp-json\/wp\/v2\/pages\/1039\/revisions\/3304"}],"wp:attachment":[{"href":"https:\/\/lookarna.com\/index.php\/wp-json\/wp\/v2\/media?parent=1039"}],"curies":[{"name":"wp","href":"https:\/\/api.w.org\/{rel}","templated":true}]}}