{"id":1108,"date":"2025-02-08T12:53:18","date_gmt":"2025-02-08T12:53:18","guid":{"rendered":"https:\/\/themes.potenzaglobalsolutions.com\/interium\/?page_id=1108"},"modified":"2026-04-06T12:45:06","modified_gmt":"2026-04-06T11:45:06","slug":"contact-2","status":"publish","type":"page","link":"https:\/\/lookarna.com\/index.php\/contact-2\/","title":{"rendered":"Kontakt"},"content":{"rendered":"\t\t<div data-elementor-type=\"wp-page\" data-elementor-id=\"1108\" class=\"elementor elementor-1108\">\n\t\t\t\t<div class=\"elementor-element elementor-element-e7e61d9 e-flex e-con-boxed e-con e-parent\" data-id=\"e7e61d9\" data-element_type=\"container\">\n\t\t\t\t\t<div class=\"e-con-inner\">\n\t\t<div class=\"elementor-element elementor-element-05f05f2 e-con-full e-flex elementor-invisible e-con e-child\" data-id=\"05f05f2\" data-element_type=\"container\" data-settings=\"{&quot;animation&quot;:&quot;fadeInUp&quot;}\">\n\t\t\t\t<div class=\"elementor-element elementor-element-ef4f285 elementor-widget elementor-widget-heading\" data-id=\"ef4f285\" data-element_type=\"widget\" data-widget_type=\"heading.default\">\n\t\t\t\t\t<div class=\"pgs-el-heading-wrapper pgs-el-heading-align-left\">\t\t\t\t<div class=\"elementor-heading-bgtext\">\n\t\t\t\t\t<span class=\"elementor-heading-bgtext-content\">Pytania? <\/span>\n\t\t\t\t<\/div>\n\t\t\t\t<h3 class=\"elementor-heading-title elementor-size-default\">Masz pytania? <\/h3><\/div>\t\t\t\t<\/div>\n\t\t\t\t<div class=\"elementor-element elementor-element-9a13f87 elementor-widget elementor-widget-text-editor\" data-id=\"9a13f87\" data-element_type=\"widget\" data-widget_type=\"text-editor.default\">\n\t\t\t\t\t\t\t\t\t<p>Ka\u017cdy projekt zaczyna si\u0119 od rozmowy.<br \/>Opowiedz nam o swojej wizji &#8211; reszt\u0105 zajmiemy si\u0119 my.<\/p>\t\t\t\t\t\t\t\t<\/div>\n\t\t<div class=\"elementor-element elementor-element-2ffd17c e-con-full e-flex e-con e-child\" data-id=\"2ffd17c\" data-element_type=\"container\">\n\t\t\t\t<div class=\"elementor-element elementor-element-1ea9248 elementor-position-inline-start elementor-mobile-position-inline-start elementor-widget__width-initial elementor-view-default elementor-widget elementor-widget-icon-box\" data-id=\"1ea9248\" data-element_type=\"widget\" data-widget_type=\"icon-box.default\">\n\t\t\t\t\t\t\t<div class=\"elementor-icon-box-wrapper\">\n\n\t\t\t\t\t\t<div class=\"elementor-icon-box-icon\">\n\t\t\t\t<span  class=\"elementor-icon\">\n\t\t\t\t<i aria-hidden=\"true\" class=\"ti ti-location-pin\"><\/i>\t\t\t\t<\/span>\n\t\t\t<\/div>\n\t\t\t\n\t\t\t\t\t\t<div class=\"elementor-icon-box-content\">\n\n\t\t\t\t\t\t\t\t\t<h3 class=\"elementor-icon-box-title\">\n\t\t\t\t\t\t<span  >\n\t\t\t\t\t\t\tOffice Location\t\t\t\t\t\t<\/span>\n\t\t\t\t\t<\/h3>\n\t\t\t\t\n\t\t\t\t\t\t\t\t\t<p class=\"elementor-icon-box-description\">\n\t\t\t\t\t\tul. Umi\u0144skiego 2\/66,<br>\n93-259 \u0141\u00f3d\u017a\t\t\t\t\t<\/p>\n\t\t\t\t\n\t\t\t<\/div>\n\t\t\t\n\t\t<\/div>\n\t\t\t\t\t\t<\/div>\n\t\t\t\t<div class=\"elementor-element elementor-element-ce9eb5f elementor-position-inline-start elementor-mobile-position-inline-start elementor-widget__width-initial elementor-view-default elementor-widget elementor-widget-icon-box\" data-id=\"ce9eb5f\" data-element_type=\"widget\" data-widget_type=\"icon-box.default\">\n\t\t\t\t\t\t\t<div class=\"elementor-icon-box-wrapper\">\n\n\t\t\t\t\t\t<div class=\"elementor-icon-box-icon\">\n\t\t\t\t<span  class=\"elementor-icon\">\n\t\t\t\t<i aria-hidden=\"true\" class=\"ti ti-email\"><\/i>\t\t\t\t<\/span>\n\t\t\t<\/div>\n\t\t\t\n\t\t\t\t\t\t<div class=\"elementor-icon-box-content\">\n\n\t\t\t\t\t\t\t\t\t<h3 class=\"elementor-icon-box-title\">\n\t\t\t\t\t\t<span  >\n\t\t\t\t\t\t\tEmail\t\t\t\t\t\t<\/span>\n\t\t\t\t\t<\/h3>\n\t\t\t\t\n\t\t\t\t\t\t\t\t\t<p class=\"elementor-icon-box-description\">\n\t\t\t\t\t\tlookarna.studio@gmail.com\t\t\t\t\t<\/p>\n\t\t\t\t\n\t\t\t<\/div>\n\t\t\t\n\t\t<\/div>\n\t\t\t\t\t\t<\/div>\n\t\t\t\t<\/div>\n\t\t\t\t<div class=\"elementor-element elementor-element-9b6356a elementor-widget elementor-widget-pgsel_social-profiles-2\" data-id=\"9b6356a\" data-element_type=\"widget\" data-widget_type=\"pgsel_social-profiles-2.default\">\n\t\t\t\t<div class=\"elementor-widget-container\">\n\t\t\t\t\t<div class=\"pgsel_social-profiles-2_wrapper\">\n\t<div class=\"social-profile-wrapper socpro2-wrapper socpro2-style--style-2 socpro2-direction-horizontal socpro2-title-position-left socpro2-icon-colors-theme-deault socpro2-with-title\">\n\t\t\t\t\t<span class=\"social-profile-title\">Social network<\/span>\n\t\t\t\t\t<ul class=\"social-profiles\">\n\t\t\t\t\t\t\t<li class=\"social-profile social-profile-instagram\">\n\t\t\t\t\t<a href=\"https:\/\/www.instagram.com\/lookarna.studio\" target=\"_blank\">\n\t\t\t\t\t\t\t\t\t\t\t\t\t<span class=\"service-icon\"><i class=\"fa-brands fa-instagram\"><\/i><\/span>\n\t\t\t\t\t\t\t\t\t\t\t\t<\/a>\n\t\t\t\t<\/li>\n\t\t\t\t\t\t\t\t<li class=\"social-profile social-profile-pinterest\">\n\t\t\t\t\t<a href=\"#\" target=\"_blank\">\n\t\t\t\t\t\t\t\t\t\t\t\t\t<span class=\"service-icon\"><i class=\"fa-brands fa-pinterest\"><\/i><\/span>\n\t\t\t\t\t\t\t\t\t\t\t\t<\/a>\n\t\t\t\t<\/li>\n\t\t\t\t\t\t\t\t<li class=\"social-profile social-profile-facebook\">\n\t\t\t\t\t<a href=\"#\" target=\"_blank\">\n\t\t\t\t\t\t\t\t\t\t\t\t\t<span class=\"service-icon\"><i class=\"fa-brands fa-facebook\"><\/i><\/span>\n\t\t\t\t\t\t\t\t\t\t\t\t<\/a>\n\t\t\t\t<\/li>\n\t\t\t\t\t\t<\/ul>\n\t<\/div>\n<\/div>\n\t\t\t\t<\/div>\n\t\t\t\t<\/div>\n\t\t\t\t<\/div>\n\t\t<div class=\"elementor-element elementor-element-e9eb839 e-con-full e-flex elementor-invisible e-con e-child\" data-id=\"e9eb839\" data-element_type=\"container\" data-settings=\"{&quot;animation&quot;:&quot;fadeInUp&quot;,&quot;animation_delay&quot;:300}\">\n\t\t<div class=\"elementor-element elementor-element-3fec9fd e-con-full e-flex e-con e-child\" data-id=\"3fec9fd\" data-element_type=\"container\" data-settings=\"{&quot;background_background&quot;:&quot;classic&quot;}\">\n\t\t\t\t<div class=\"elementor-element elementor-element-0962b20 elementor-widget elementor-widget-heading\" data-id=\"0962b20\" data-element_type=\"widget\" data-widget_type=\"heading.default\">\n\t\t\t\t\t<div class=\"pgs-el-heading-wrapper pgs-el-heading-align-left\"><h3 class=\"elementor-heading-title elementor-size-default\">Send Message<\/h3><\/div>\t\t\t\t<\/div>\n\t\t\t\t<div class=\"elementor-element elementor-element-b8db047 elementor-widget elementor-widget-text-editor\" data-id=\"b8db047\" data-element_type=\"widget\" data-widget_type=\"text-editor.default\">\n\t\t\t\t\t\t\t\t\t<p>Skontaktuj si\u0119 z nami i zobacz, co mo\u017cemy stworzy\u0107 razem.<\/p>\t\t\t\t\t\t\t\t<\/div>\n\t\t\t\t<div class=\"elementor-element elementor-element-ad18490 elementor-widget elementor-widget-pgsel_cf7-form\" data-id=\"ad18490\" data-element_type=\"widget\" data-widget_type=\"pgsel_cf7-form.default\">\n\t\t\t\t<div class=\"elementor-widget-container\">\n\t\t\t\t\t<div class=\"pgsel_cf7-form_wrapper\">\n\t<div class=\"custom-form-widget form-border-bottom button-type-default\">\n<div class=\"wpcf7 no-js\" id=\"wpcf7-f2728-o1\" lang=\"en-US\" dir=\"ltr\" data-wpcf7-id=\"2728\">\n<div class=\"screen-reader-response\"><p role=\"status\" aria-live=\"polite\" aria-atomic=\"true\"><\/p> <ul><\/ul><\/div>\n<form action=\"\/index.php\/wp-json\/wp\/v2\/pages\/1108#wpcf7-f2728-o1\" method=\"post\" class=\"wpcf7-form init pgsel-contact-form\" aria-label=\"Contact form\" novalidate=\"novalidate\" data-status=\"init\">\n<fieldset class=\"hidden-fields-container\"><input type=\"hidden\" name=\"_wpcf7\" value=\"2728\" \/><input type=\"hidden\" name=\"_wpcf7_version\" value=\"6.1.4\" \/><input type=\"hidden\" name=\"_wpcf7_locale\" value=\"en_US\" \/><input type=\"hidden\" name=\"_wpcf7_unit_tag\" value=\"wpcf7-f2728-o1\" \/><input type=\"hidden\" name=\"_wpcf7_container_post\" value=\"0\" \/><input type=\"hidden\" name=\"_wpcf7_posted_data_hash\" value=\"\" \/>\n<\/fieldset>\n<div class=\"row\">\n\t<div class=\"col-md-6\">\n\t\t<p><span class=\"wpcf7-form-control-wrap\" data-name=\"first-name\"><input size=\"40\" maxlength=\"400\" class=\"wpcf7-form-control wpcf7-text wpcf7-validates-as-required\" aria-required=\"true\" aria-invalid=\"false\" placeholder=\"Imi\u0119*\" value=\"\" type=\"text\" name=\"first-name\" \/><\/span>\n\t\t<\/p>\n\t<\/div>\n\t<div class=\"col-md-6\">\n\t\t<p><span class=\"wpcf7-form-control-wrap\" data-name=\"last-name\"><input size=\"40\" maxlength=\"400\" class=\"wpcf7-form-control wpcf7-text wpcf7-validates-as-required\" aria-required=\"true\" aria-invalid=\"false\" placeholder=\"Nazwisko*\" value=\"\" type=\"text\" name=\"last-name\" \/><\/span>\n\t\t<\/p>\n\t<\/div>\n\t<div class=\"col-md-6\">\n\t\t<p><span class=\"wpcf7-form-control-wrap\" data-name=\"your-email\"><input size=\"40\" maxlength=\"400\" class=\"wpcf7-form-control wpcf7-email wpcf7-validates-as-required wpcf7-text wpcf7-validates-as-email\" aria-required=\"true\" aria-invalid=\"false\" placeholder=\"Email*\" value=\"\" type=\"email\" name=\"your-email\" \/><\/span>\n\t\t<\/p>\n\t<\/div>\n\t<div class=\"col-md-6\">\n\t\t<p><span class=\"wpcf7-form-control-wrap\" data-name=\"tel-865\"><input size=\"40\" maxlength=\"400\" class=\"wpcf7-form-control wpcf7-tel wpcf7-validates-as-required wpcf7-text wpcf7-validates-as-tel\" aria-required=\"true\" aria-invalid=\"false\" placeholder=\"Telefon*\" value=\"\" type=\"tel\" name=\"tel-865\" \/><\/span>\n\t\t<\/p>\n\t<\/div>\n\t<div class=\"col-md-12\">\n\t\t<p><span class=\"wpcf7-form-control-wrap\" data-name=\"your-message\"><textarea cols=\"10\" rows=\"4\" maxlength=\"2000\" class=\"wpcf7-form-control wpcf7-textarea\" aria-invalid=\"false\" placeholder=\"Write Message\" name=\"your-message\"><\/textarea><\/span>\n\t\t<\/p>\n\t<\/div>\n\t<div class=\"col-md-12\">\n\t\t<p><input class=\"wpcf7-form-control wpcf7-submit has-spinner\" type=\"submit\" value=\"Wy\u015blij wiadomo\u015b\u0107\" \/>\n\t\t<\/p>\n\t<\/div>\n<\/div><div class=\"wpcf7-response-output\" aria-hidden=\"true\"><\/div>\n<\/form>\n<\/div>\n<\/div>\n<\/div>\n\t\t\t\t<\/div>\n\t\t\t\t<\/div>\n\t\t\t\t<\/div>\n\t\t\t\t<\/div>\n\t\t\t\t\t<\/div>\n\t\t\t\t<\/div>\n\t\t<div class=\"elementor-element elementor-element-3e64718 e-con-full e-flex elementor-invisible e-con e-parent\" data-id=\"3e64718\" data-element_type=\"container\" data-settings=\"{&quot;animation&quot;:&quot;fadeInUp&quot;,&quot;animation_delay&quot;:100}\">\n\t\t\t\t<div class=\"elementor-element elementor-element-11066df elementor-widget elementor-widget-google_maps\" data-id=\"11066df\" data-element_type=\"widget\" data-widget_type=\"google_maps.default\">\n\t\t\t\t\t\t\t<div class=\"elementor-custom-embed\">\n\t\t\t<iframe loading=\"lazy\"\n\t\t\t\t\tsrc=\"https:\/\/maps.google.com\/maps?q=93-259%20%C5%81%C3%B3d%C5%BA%2C%20Umi%C5%84skiego%202&#038;t=m&#038;z=15&#038;output=embed&#038;iwloc=near\"\n\t\t\t\t\ttitle=\"93-259 \u0141\u00f3d\u017a, Umi\u0144skiego 2\"\n\t\t\t\t\taria-label=\"93-259 \u0141\u00f3d\u017a, Umi\u0144skiego 2\"\n\t\t\t><\/iframe>\n\t\t<\/div>\n\t\t\t\t\t\t<\/div>\n\t\t\t\t<\/div>\n\t\t\t\t<\/div>\n\t\t","protected":false},"excerpt":{"rendered":"<p>Pytania? Masz pytania? Ka\u017cdy projekt zaczyna si\u0119 od rozmowy.Opowiedz nam o swojej wizji &#8211; reszt\u0105 zajmiemy si\u0119 my. Office Location ul. Umi\u0144skiego 2\/66, 93-259 \u0141\u00f3d\u017a Email lookarna.studio@gmail.com Social network Send Message Skontaktuj si\u0119 z nami i zobacz, co mo\u017cemy stworzy\u0107 razem.<\/p>\n","protected":false},"author":1,"featured_media":0,"parent":0,"menu_order":0,"comment_status":"closed","ping_status":"closed","template":"elementor_header_footer","meta":{"_acf_changed":false,"footnotes":""},"class_list":["post-1108","page","type-page","status-publish","hentry"],"yoast_head":"<!-- This site is optimized with the Yoast SEO plugin v27.3 - https:\/\/yoast.com\/product\/yoast-seo-wordpress\/ -->\n<title>Lookarna - Kontakt<\/title>\n<meta name=\"robots\" content=\"index, follow, max-snippet:-1, max-image-preview:large, max-video-preview:-1\" \/>\n<link rel=\"canonical\" href=\"https:\/\/lookarna.com\/index.php\/contact-2\/\" \/>\n<meta property=\"og:locale\" content=\"pl_PL\" \/>\n<meta property=\"og:type\" content=\"article\" \/>\n<meta property=\"og:title\" content=\"Lookarna - Kontakt\" \/>\n<meta property=\"og:description\" content=\"Pytania? Masz pytania? Ka\u017cdy projekt zaczyna si\u0119 od rozmowy.Opowiedz nam o swojej wizji &#8211; reszt\u0105 zajmiemy si\u0119 my. Office Location ul. Umi\u0144skiego 2\/66, 93-259 \u0141\u00f3d\u017a Email lookarna.studio@gmail.com Social network Send Message Skontaktuj si\u0119 z nami i zobacz, co mo\u017cemy stworzy\u0107 razem.\" \/>\n<meta property=\"og:url\" content=\"https:\/\/lookarna.com\/index.php\/contact-2\/\" \/>\n<meta property=\"og:site_name\" content=\"Interium\" \/>\n<meta property=\"article:modified_time\" content=\"2026-04-06T11:45:06+00:00\" \/>\n<meta name=\"twitter:card\" content=\"summary_large_image\" \/>\n<meta name=\"twitter:label1\" content=\"Szacowany czas czytania\" \/>\n\t<meta name=\"twitter:data1\" content=\"1 minuta\" \/>\n<script type=\"application\/ld+json\" class=\"yoast-schema-graph\">{\"@context\":\"https:\\\/\\\/schema.org\",\"@graph\":[{\"@type\":\"WebPage\",\"@id\":\"https:\\\/\\\/lookarna.com\\\/index.php\\\/contact-2\\\/\",\"url\":\"https:\\\/\\\/lookarna.com\\\/index.php\\\/contact-2\\\/\",\"name\":\"Lookarna - Kontakt\",\"isPartOf\":{\"@id\":\"https:\\\/\\\/lookarna.com\\\/#website\"},\"datePublished\":\"2025-02-08T12:53:18+00:00\",\"dateModified\":\"2026-04-06T11:45:06+00:00\",\"breadcrumb\":{\"@id\":\"https:\\\/\\\/lookarna.com\\\/index.php\\\/contact-2\\\/#breadcrumb\"},\"inLanguage\":\"pl-PL\",\"potentialAction\":[{\"@type\":\"ReadAction\",\"target\":[\"https:\\\/\\\/lookarna.com\\\/index.php\\\/contact-2\\\/\"]}]},{\"@type\":\"BreadcrumbList\",\"@id\":\"https:\\\/\\\/lookarna.com\\\/index.php\\\/contact-2\\\/#breadcrumb\",\"itemListElement\":[{\"@type\":\"ListItem\",\"position\":1,\"name\":\"Strona g\u0142\u00f3wna\",\"item\":\"https:\\\/\\\/lookarna.com\\\/\"},{\"@type\":\"ListItem\",\"position\":2,\"name\":\"Kontakt\"}]},{\"@type\":\"WebSite\",\"@id\":\"https:\\\/\\\/lookarna.com\\\/#website\",\"url\":\"https:\\\/\\\/lookarna.com\\\/\",\"name\":\"Interium\",\"description\":\"Architektura tworzona w dialogu\",\"publisher\":{\"@id\":\"https:\\\/\\\/lookarna.com\\\/#organization\"},\"potentialAction\":[{\"@type\":\"SearchAction\",\"target\":{\"@type\":\"EntryPoint\",\"urlTemplate\":\"https:\\\/\\\/lookarna.com\\\/?s={search_term_string}\"},\"query-input\":{\"@type\":\"PropertyValueSpecification\",\"valueRequired\":true,\"valueName\":\"search_term_string\"}}],\"inLanguage\":\"pl-PL\"},{\"@type\":\"Organization\",\"@id\":\"https:\\\/\\\/lookarna.com\\\/#organization\",\"name\":\"Interium\",\"url\":\"https:\\\/\\\/lookarna.com\\\/\",\"logo\":{\"@type\":\"ImageObject\",\"inLanguage\":\"pl-PL\",\"@id\":\"https:\\\/\\\/lookarna.com\\\/#\\\/schema\\\/logo\\\/image\\\/\",\"url\":\"https:\\\/\\\/lookarna.com\\\/wp-content\\\/uploads\\\/2026\\\/02\\\/logo-poziom-small-scaled.png\",\"contentUrl\":\"https:\\\/\\\/lookarna.com\\\/wp-content\\\/uploads\\\/2026\\\/02\\\/logo-poziom-small-scaled.png\",\"width\":2560,\"height\":872,\"caption\":\"Interium\"},\"image\":{\"@id\":\"https:\\\/\\\/lookarna.com\\\/#\\\/schema\\\/logo\\\/image\\\/\"}}]}<\/script>\n<!-- \/ Yoast SEO plugin. -->","yoast_head_json":{"title":"Lookarna - Kontakt","robots":{"index":"index","follow":"follow","max-snippet":"max-snippet:-1","max-image-preview":"max-image-preview:large","max-video-preview":"max-video-preview:-1"},"canonical":"https:\/\/lookarna.com\/index.php\/contact-2\/","og_locale":"pl_PL","og_type":"article","og_title":"Lookarna - Kontakt","og_description":"Pytania? Masz pytania? Ka\u017cdy projekt zaczyna si\u0119 od rozmowy.Opowiedz nam o swojej wizji &#8211; reszt\u0105 zajmiemy si\u0119 my. Office Location ul. Umi\u0144skiego 2\/66, 93-259 \u0141\u00f3d\u017a Email lookarna.studio@gmail.com Social network Send Message Skontaktuj si\u0119 z nami i zobacz, co mo\u017cemy stworzy\u0107 razem.","og_url":"https:\/\/lookarna.com\/index.php\/contact-2\/","og_site_name":"Interium","article_modified_time":"2026-04-06T11:45:06+00:00","twitter_card":"summary_large_image","twitter_misc":{"Szacowany czas czytania":"1 minuta"},"schema":{"@context":"https:\/\/schema.org","@graph":[{"@type":"WebPage","@id":"https:\/\/lookarna.com\/index.php\/contact-2\/","url":"https:\/\/lookarna.com\/index.php\/contact-2\/","name":"Lookarna - Kontakt","isPartOf":{"@id":"https:\/\/lookarna.com\/#website"},"datePublished":"2025-02-08T12:53:18+00:00","dateModified":"2026-04-06T11:45:06+00:00","breadcrumb":{"@id":"https:\/\/lookarna.com\/index.php\/contact-2\/#breadcrumb"},"inLanguage":"pl-PL","potentialAction":[{"@type":"ReadAction","target":["https:\/\/lookarna.com\/index.php\/contact-2\/"]}]},{"@type":"BreadcrumbList","@id":"https:\/\/lookarna.com\/index.php\/contact-2\/#breadcrumb","itemListElement":[{"@type":"ListItem","position":1,"name":"Strona g\u0142\u00f3wna","item":"https:\/\/lookarna.com\/"},{"@type":"ListItem","position":2,"name":"Kontakt"}]},{"@type":"WebSite","@id":"https:\/\/lookarna.com\/#website","url":"https:\/\/lookarna.com\/","name":"Interium","description":"Architektura tworzona w dialogu","publisher":{"@id":"https:\/\/lookarna.com\/#organization"},"potentialAction":[{"@type":"SearchAction","target":{"@type":"EntryPoint","urlTemplate":"https:\/\/lookarna.com\/?s={search_term_string}"},"query-input":{"@type":"PropertyValueSpecification","valueRequired":true,"valueName":"search_term_string"}}],"inLanguage":"pl-PL"},{"@type":"Organization","@id":"https:\/\/lookarna.com\/#organization","name":"Interium","url":"https:\/\/lookarna.com\/","logo":{"@type":"ImageObject","inLanguage":"pl-PL","@id":"https:\/\/lookarna.com\/#\/schema\/logo\/image\/","url":"https:\/\/lookarna.com\/wp-content\/uploads\/2026\/02\/logo-poziom-small-scaled.png","contentUrl":"https:\/\/lookarna.com\/wp-content\/uploads\/2026\/02\/logo-poziom-small-scaled.png","width":2560,"height":872,"caption":"Interium"},"image":{"@id":"https:\/\/lookarna.com\/#\/schema\/logo\/image\/"}}]}},"acf":[],"_links":{"self":[{"href":"https:\/\/lookarna.com\/index.php\/wp-json\/wp\/v2\/pages\/1108","targetHints":{"allow":["GET"]}}],"collection":[{"href":"https:\/\/lookarna.com\/index.php\/wp-json\/wp\/v2\/pages"}],"about":[{"href":"https:\/\/lookarna.com\/index.php\/wp-json\/wp\/v2\/types\/page"}],"author":[{"embeddable":true,"href":"https:\/\/lookarna.com\/index.php\/wp-json\/wp\/v2\/users\/1"}],"replies":[{"embeddable":true,"href":"https:\/\/lookarna.com\/index.php\/wp-json\/wp\/v2\/comments?post=1108"}],"version-history":[{"count":16,"href":"https:\/\/lookarna.com\/index.php\/wp-json\/wp\/v2\/pages\/1108\/revisions"}],"predecessor-version":[{"id":3296,"href":"https:\/\/lookarna.com\/index.php\/wp-json\/wp\/v2\/pages\/1108\/revisions\/3296"}],"wp:attachment":[{"href":"https:\/\/lookarna.com\/index.php\/wp-json\/wp\/v2\/media?parent=1108"}],"curies":[{"name":"wp","href":"https:\/\/api.w.org\/{rel}","templated":true}]}}