{"id":1111,"date":"2025-02-08T12:54:01","date_gmt":"2025-02-08T12:54:01","guid":{"rendered":"https:\/\/themes.potenzaglobalsolutions.com\/interium\/?page_id=1111"},"modified":"2026-04-06T12:44:45","modified_gmt":"2026-04-06T11:44:45","slug":"faq","status":"publish","type":"page","link":"https:\/\/lookarna.com\/index.php\/faq\/","title":{"rendered":"Faq"},"content":{"rendered":"\t\t<div data-elementor-type=\"wp-page\" data-elementor-id=\"1111\" class=\"elementor elementor-1111\">\n\t\t\t\t<div class=\"elementor-element elementor-element-e6722c8 e-flex e-con-boxed e-con e-parent\" data-id=\"e6722c8\" data-element_type=\"container\" data-settings=\"{&quot;background_background&quot;:&quot;classic&quot;}\">\n\t\t\t\t\t<div class=\"e-con-inner\">\n\t\t<div class=\"elementor-element elementor-element-e7982cf e-con-full e-flex elementor-invisible e-con e-child\" data-id=\"e7982cf\" data-element_type=\"container\" data-settings=\"{&quot;animation&quot;:&quot;fadeInUp&quot;}\">\n\t\t<div class=\"elementor-element elementor-element-c6fa108 e-con-full sticky-top e-flex e-con e-child\" data-id=\"c6fa108\" data-element_type=\"container\">\n\t\t\t\t<div class=\"elementor-element elementor-element-fd8f958 elementor-widget elementor-widget-heading\" data-id=\"fd8f958\" data-element_type=\"widget\" data-widget_type=\"heading.default\">\n\t\t\t\t\t<div class=\"pgs-el-heading-wrapper pgs-el-heading-align-left\">\t\t\t\t<div class=\"elementor-heading-bgtext\">\n\t\t\t\t\t<span class=\"elementor-heading-bgtext-content\">FAQ<\/span>\n\t\t\t\t<\/div>\n\t\t\t\t<h3 class=\"elementor-heading-title elementor-size-default\">Frequently Asked Questions<\/h3><\/div>\t\t\t\t<\/div>\n\t\t\t\t<div class=\"elementor-element elementor-element-349bc51 elementor-widget elementor-widget-text-editor\" data-id=\"349bc51\" data-element_type=\"widget\" data-widget_type=\"text-editor.default\">\n\t\t\t\t\t\t\t\t\t<p>Get answers to common inquiries about our services, process, and pricing to guide your decision-making.<\/p>\t\t\t\t\t\t\t\t<\/div>\n\t\t\t\t<\/div>\n\t\t\t\t<\/div>\n\t\t<div class=\"elementor-element elementor-element-5da7b5a e-con-full e-flex elementor-invisible e-con e-child\" data-id=\"5da7b5a\" data-element_type=\"container\" data-settings=\"{&quot;animation&quot;:&quot;fadeInUp&quot;,&quot;animation_delay&quot;:400}\">\n\t\t\t\t<div class=\"elementor-element elementor-element-eb59552 elementor-widget elementor-widget-n-accordion\" data-id=\"eb59552\" data-element_type=\"widget\" data-settings=\"{&quot;default_state&quot;:&quot;expanded&quot;,&quot;max_items_expended&quot;:&quot;one&quot;,&quot;n_accordion_animation_duration&quot;:{&quot;unit&quot;:&quot;ms&quot;,&quot;size&quot;:400,&quot;sizes&quot;:[]}}\" data-widget_type=\"nested-accordion.default\">\n\t\t\t\t\t\t\t<div class=\"e-n-accordion\" aria-label=\"Accordion. Open links with Enter or Space, close with Escape, and navigate with Arrow Keys\">\n\t\t\t\t\t\t<details id=\"e-n-accordion-item-2460\" class=\"e-n-accordion-item\" open>\n\t\t\t\t<summary class=\"e-n-accordion-item-title\" data-accordion-index=\"1\" tabindex=\"0\" aria-expanded=\"true\" aria-controls=\"e-n-accordion-item-2460\" >\n\t\t\t\t\t<span class='e-n-accordion-item-title-header'><div class=\"e-n-accordion-item-title-text\"> Jak wygl\u0105da pocz\u0105tek wsp\u00f3\u0142pracy? <\/div><\/span>\n\t\t\t\t\t\t\t<span class='e-n-accordion-item-title-icon'>\n\t\t\t<span class='e-opened' ><i aria-hidden=\"true\" class=\"lnr lnr-cross\"><\/i><\/span>\n\t\t\t<span class='e-closed'><i aria-hidden=\"true\" class=\"bi bi-chevron-double-down\"><\/i><\/span>\n\t\t<\/span>\n\n\t\t\t\t\t\t<\/summary>\n\t\t\t\t<div role=\"region\" aria-labelledby=\"e-n-accordion-item-2460\" class=\"elementor-element elementor-element-0c411a4 e-con-full e-flex e-con e-child\" data-id=\"0c411a4\" data-element_type=\"container\">\n\t\t<div role=\"region\" aria-labelledby=\"e-n-accordion-item-2460\" class=\"elementor-element elementor-element-5db636c e-flex e-con-boxed e-con e-child\" data-id=\"5db636c\" data-element_type=\"container\">\n\t\t\t\t\t<div class=\"e-con-inner\">\n\t\t\t\t<div class=\"elementor-element elementor-element-d9dda89 elementor-widget elementor-widget-text-editor\" data-id=\"d9dda89\" data-element_type=\"widget\" data-widget_type=\"text-editor.default\">\n\t\t\t\t\t\t\t\t\t<p>Wsp\u00f3\u0142prac\u0119 rozpoczynamy od rozmowy, podczas kt\u00f3rej omawiamy potrzeby, zakres projektu, bud\u017cet i harmonogram.<\/p>\t\t\t\t\t\t\t\t<\/div>\n\t\t\t\t\t<\/div>\n\t\t\t\t<\/div>\n\t\t\t\t<\/div>\n\t\t\t\t\t<\/details>\n\t\t\t\t\t\t<details id=\"e-n-accordion-item-2461\" class=\"e-n-accordion-item\" >\n\t\t\t\t<summary class=\"e-n-accordion-item-title\" data-accordion-index=\"2\" tabindex=\"-1\" aria-expanded=\"false\" aria-controls=\"e-n-accordion-item-2461\" >\n\t\t\t\t\t<span class='e-n-accordion-item-title-header'><div class=\"e-n-accordion-item-title-text\"> Czy projektujecie tylko lokalnie? <\/div><\/span>\n\t\t\t\t\t\t\t<span class='e-n-accordion-item-title-icon'>\n\t\t\t<span class='e-opened' ><i aria-hidden=\"true\" class=\"lnr lnr-cross\"><\/i><\/span>\n\t\t\t<span class='e-closed'><i aria-hidden=\"true\" class=\"bi bi-chevron-double-down\"><\/i><\/span>\n\t\t<\/span>\n\n\t\t\t\t\t\t<\/summary>\n\t\t\t\t<div role=\"region\" aria-labelledby=\"e-n-accordion-item-2461\" class=\"elementor-element elementor-element-affaea2 e-con-full e-flex e-con e-child\" data-id=\"affaea2\" data-element_type=\"container\">\n\t\t<div role=\"region\" aria-labelledby=\"e-n-accordion-item-2461\" class=\"elementor-element elementor-element-df5b9c7 e-flex e-con-boxed e-con e-child\" data-id=\"df5b9c7\" data-element_type=\"container\">\n\t\t\t\t\t<div class=\"e-con-inner\">\n\t\t\t\t<div class=\"elementor-element elementor-element-728db72 elementor-widget elementor-widget-text-editor\" data-id=\"728db72\" data-element_type=\"widget\" data-widget_type=\"text-editor.default\">\n\t\t\t\t\t\t\t\t\t<p>Siedziba pracowni znajduje si\u0119 w centralnej Polsce, ale realizujemy projekty na terenie ca\u0142ego kraju oraz wsp\u00f3\u0142pracujemy zdalnie.<\/p>\t\t\t\t\t\t\t\t<\/div>\n\t\t\t\t\t<\/div>\n\t\t\t\t<\/div>\n\t\t\t\t<\/div>\n\t\t\t\t\t<\/details>\n\t\t\t\t\t\t<details id=\"e-n-accordion-item-2462\" class=\"e-n-accordion-item\" >\n\t\t\t\t<summary class=\"e-n-accordion-item-title\" data-accordion-index=\"3\" tabindex=\"-1\" aria-expanded=\"false\" aria-controls=\"e-n-accordion-item-2462\" >\n\t\t\t\t\t<span class='e-n-accordion-item-title-header'><div class=\"e-n-accordion-item-title-text\"> Na jakim etapie inwestycji mo\u017cna si\u0119 zg\u0142osi\u0107? <\/div><\/span>\n\t\t\t\t\t\t\t<span class='e-n-accordion-item-title-icon'>\n\t\t\t<span class='e-opened' ><i aria-hidden=\"true\" class=\"lnr lnr-cross\"><\/i><\/span>\n\t\t\t<span class='e-closed'><i aria-hidden=\"true\" class=\"bi bi-chevron-double-down\"><\/i><\/span>\n\t\t<\/span>\n\n\t\t\t\t\t\t<\/summary>\n\t\t\t\t<div role=\"region\" aria-labelledby=\"e-n-accordion-item-2462\" class=\"elementor-element elementor-element-78c214d e-con-full e-flex e-con e-child\" data-id=\"78c214d\" data-element_type=\"container\">\n\t\t<div role=\"region\" aria-labelledby=\"e-n-accordion-item-2462\" class=\"elementor-element elementor-element-cbc5403 e-flex e-con-boxed e-con e-child\" data-id=\"cbc5403\" data-element_type=\"container\">\n\t\t\t\t\t<div class=\"e-con-inner\">\n\t\t\t\t<div class=\"elementor-element elementor-element-3dc482f elementor-widget elementor-widget-text-editor\" data-id=\"3dc482f\" data-element_type=\"widget\" data-widget_type=\"text-editor.default\">\n\t\t\t\t\t\t\t\t\t<p>Na ka\u017cdym etapie &#8211; od analizy dzia\u0142ki lub planowanego zakupu nieruchomo\u015bci, po gotowo\u015b\u0107 do realizacji.<\/p>\t\t\t\t\t\t\t\t<\/div>\n\t\t\t\t\t<\/div>\n\t\t\t\t<\/div>\n\t\t\t\t<\/div>\n\t\t\t\t\t<\/details>\n\t\t\t\t\t\t<details id=\"e-n-accordion-item-2463\" class=\"e-n-accordion-item\" >\n\t\t\t\t<summary class=\"e-n-accordion-item-title\" data-accordion-index=\"4\" tabindex=\"-1\" aria-expanded=\"false\" aria-controls=\"e-n-accordion-item-2463\" >\n\t\t\t\t\t<span class='e-n-accordion-item-title-header'><div class=\"e-n-accordion-item-title-text\"> Czy pomagacie w formalno\u015bciach urz\u0119dowych? <\/div><\/span>\n\t\t\t\t\t\t\t<span class='e-n-accordion-item-title-icon'>\n\t\t\t<span class='e-opened' ><i aria-hidden=\"true\" class=\"lnr lnr-cross\"><\/i><\/span>\n\t\t\t<span class='e-closed'><i aria-hidden=\"true\" class=\"bi bi-chevron-double-down\"><\/i><\/span>\n\t\t<\/span>\n\n\t\t\t\t\t\t<\/summary>\n\t\t\t\t<div role=\"region\" aria-labelledby=\"e-n-accordion-item-2463\" class=\"elementor-element elementor-element-0cab0b1 e-flex e-con-boxed e-con e-child\" data-id=\"0cab0b1\" data-element_type=\"container\">\n\t\t\t\t\t<div class=\"e-con-inner\">\n\t\t<div role=\"region\" aria-labelledby=\"e-n-accordion-item-2463\" class=\"elementor-element elementor-element-01ec84c e-con-full e-flex e-con e-child\" data-id=\"01ec84c\" data-element_type=\"container\">\n\t\t\t\t<div class=\"elementor-element elementor-element-67383b6 elementor-widget elementor-widget-text-editor\" data-id=\"67383b6\" data-element_type=\"widget\" data-widget_type=\"text-editor.default\">\n\t\t\t\t\t\t\t\t\t<p>Tak, przygotowuj\u0119 dokumentacj\u0119 do pozwolenia na budow\u0119 lub zg\u0142oszenia oraz wspieram w procedurach formalnych.<\/p>\t\t\t\t\t\t\t\t<\/div>\n\t\t\t\t<\/div>\n\t\t\t\t\t<\/div>\n\t\t\t\t<\/div>\n\t\t\t\t\t<\/details>\n\t\t\t\t\t\t<details id=\"e-n-accordion-item-2464\" class=\"e-n-accordion-item\" >\n\t\t\t\t<summary class=\"e-n-accordion-item-title\" data-accordion-index=\"5\" tabindex=\"-1\" aria-expanded=\"false\" aria-controls=\"e-n-accordion-item-2464\" >\n\t\t\t\t\t<span class='e-n-accordion-item-title-header'><div class=\"e-n-accordion-item-title-text\"> Czy wykonujecie projekty wn\u0119trz i architektury? <\/div><\/span>\n\t\t\t\t\t\t\t<span class='e-n-accordion-item-title-icon'>\n\t\t\t<span class='e-opened' ><i aria-hidden=\"true\" class=\"lnr lnr-cross\"><\/i><\/span>\n\t\t\t<span class='e-closed'><i aria-hidden=\"true\" class=\"bi bi-chevron-double-down\"><\/i><\/span>\n\t\t<\/span>\n\n\t\t\t\t\t\t<\/summary>\n\t\t\t\t<div role=\"region\" aria-labelledby=\"e-n-accordion-item-2464\" class=\"elementor-element elementor-element-4d4203e e-flex e-con-boxed e-con e-child\" data-id=\"4d4203e\" data-element_type=\"container\">\n\t\t\t\t\t<div class=\"e-con-inner\">\n\t\t<div role=\"region\" aria-labelledby=\"e-n-accordion-item-2464\" class=\"elementor-element elementor-element-47096da e-con-full e-flex e-con e-child\" data-id=\"47096da\" data-element_type=\"container\">\n\t\t\t\t<div class=\"elementor-element elementor-element-afed84b elementor-widget elementor-widget-text-editor\" data-id=\"afed84b\" data-element_type=\"widget\" data-widget_type=\"text-editor.default\">\n\t\t\t\t\t\t\t\t\t<p>Tak, zajmuj\u0119 si\u0119 zar\u00f3wno projektami architektonicznymi, jak i projektowaniem wn\u0119trz.<\/p>\t\t\t\t\t\t\t\t<\/div>\n\t\t\t\t<\/div>\n\t\t\t\t\t<\/div>\n\t\t\t\t<\/div>\n\t\t\t\t\t<\/details>\n\t\t\t\t\t\t<details id=\"e-n-accordion-item-2465\" class=\"e-n-accordion-item\" >\n\t\t\t\t<summary class=\"e-n-accordion-item-title\" data-accordion-index=\"6\" tabindex=\"-1\" aria-expanded=\"false\" aria-controls=\"e-n-accordion-item-2465\" >\n\t\t\t\t\t<span class='e-n-accordion-item-title-header'><div class=\"e-n-accordion-item-title-text\"> Czy mo\u017cliwa jest wsp\u00f3\u0142praca zdalna? <\/div><\/span>\n\t\t\t\t\t\t\t<span class='e-n-accordion-item-title-icon'>\n\t\t\t<span class='e-opened' ><i aria-hidden=\"true\" class=\"lnr lnr-cross\"><\/i><\/span>\n\t\t\t<span class='e-closed'><i aria-hidden=\"true\" class=\"bi bi-chevron-double-down\"><\/i><\/span>\n\t\t<\/span>\n\n\t\t\t\t\t\t<\/summary>\n\t\t\t\t<div role=\"region\" aria-labelledby=\"e-n-accordion-item-2465\" class=\"elementor-element elementor-element-558da3e e-flex e-con-boxed e-con e-child\" data-id=\"558da3e\" data-element_type=\"container\">\n\t\t\t\t\t<div class=\"e-con-inner\">\n\t\t<div role=\"region\" aria-labelledby=\"e-n-accordion-item-2465\" class=\"elementor-element elementor-element-312f3ed e-con-full e-flex e-con e-child\" data-id=\"312f3ed\" data-element_type=\"container\">\n\t\t\t\t<div class=\"elementor-element elementor-element-df22e29 elementor-widget elementor-widget-text-editor\" data-id=\"df22e29\" data-element_type=\"widget\" data-widget_type=\"text-editor.default\">\n\t\t\t\t\t\t\t\t\t<p>Tak, forma wsp\u00f3\u0142pracy zawsze dopasowana jest do charakteru projektu i potrzeb inwestora.<\/p>\t\t\t\t\t\t\t\t<\/div>\n\t\t\t\t<\/div>\n\t\t\t\t\t<\/div>\n\t\t\t\t<\/div>\n\t\t\t\t\t<\/details>\n\t\t\t\t\t\t<details id=\"e-n-accordion-item-2466\" class=\"e-n-accordion-item\" >\n\t\t\t\t<summary class=\"e-n-accordion-item-title\" data-accordion-index=\"7\" tabindex=\"-1\" aria-expanded=\"false\" aria-controls=\"e-n-accordion-item-2466\" >\n\t\t\t\t\t<span class='e-n-accordion-item-title-header'><div class=\"e-n-accordion-item-title-text\"> Czy oferujecie wsparcie na etapie realizacji? <\/div><\/span>\n\t\t\t\t\t\t\t<span class='e-n-accordion-item-title-icon'>\n\t\t\t<span class='e-opened' ><i aria-hidden=\"true\" class=\"lnr lnr-cross\"><\/i><\/span>\n\t\t\t<span class='e-closed'><i aria-hidden=\"true\" class=\"bi bi-chevron-double-down\"><\/i><\/span>\n\t\t<\/span>\n\n\t\t\t\t\t\t<\/summary>\n\t\t\t\t<div role=\"region\" aria-labelledby=\"e-n-accordion-item-2466\" class=\"elementor-element elementor-element-932613c e-flex e-con-boxed e-con e-child\" data-id=\"932613c\" data-element_type=\"container\">\n\t\t\t\t\t<div class=\"e-con-inner\">\n\t\t<div role=\"region\" aria-labelledby=\"e-n-accordion-item-2466\" class=\"elementor-element elementor-element-40937e3 e-con-full e-flex e-con e-child\" data-id=\"40937e3\" data-element_type=\"container\">\n\t\t\t\t<div class=\"elementor-element elementor-element-9334cba elementor-widget elementor-widget-text-editor\" data-id=\"9334cba\" data-element_type=\"widget\" data-widget_type=\"text-editor.default\">\n\t\t\t\t\t\t\t\t\t<p>Tak, zapewniam wsparcie projektowe i konsultacje w trakcie realizacji.<\/p>\t\t\t\t\t\t\t\t<\/div>\n\t\t\t\t<\/div>\n\t\t\t\t\t<\/div>\n\t\t\t\t<\/div>\n\t\t\t\t\t<\/details>\n\t\t\t\t\t\t<details id=\"e-n-accordion-item-2467\" class=\"e-n-accordion-item\" >\n\t\t\t\t<summary class=\"e-n-accordion-item-title\" data-accordion-index=\"8\" tabindex=\"-1\" aria-expanded=\"false\" aria-controls=\"e-n-accordion-item-2467\" >\n\t\t\t\t\t<span class='e-n-accordion-item-title-header'><div class=\"e-n-accordion-item-title-text\"> Ile trwa projekt? <\/div><\/span>\n\t\t\t\t\t\t\t<span class='e-n-accordion-item-title-icon'>\n\t\t\t<span class='e-opened' ><i aria-hidden=\"true\" class=\"lnr lnr-cross\"><\/i><\/span>\n\t\t\t<span class='e-closed'><i aria-hidden=\"true\" class=\"bi bi-chevron-double-down\"><\/i><\/span>\n\t\t<\/span>\n\n\t\t\t\t\t\t<\/summary>\n\t\t\t\t<div role=\"region\" aria-labelledby=\"e-n-accordion-item-2467\" class=\"elementor-element elementor-element-e072d09 e-flex e-con-boxed e-con e-child\" data-id=\"e072d09\" data-element_type=\"container\">\n\t\t\t\t\t<div class=\"e-con-inner\">\n\t\t<div role=\"region\" aria-labelledby=\"e-n-accordion-item-2467\" class=\"elementor-element elementor-element-3bbe7b0 e-con-full e-flex e-con e-child\" data-id=\"3bbe7b0\" data-element_type=\"container\">\n\t\t\t\t<div class=\"elementor-element elementor-element-7afde19 elementor-widget elementor-widget-text-editor\" data-id=\"7afde19\" data-element_type=\"widget\" data-widget_type=\"text-editor.default\">\n\t\t\t\t\t\t\t\t\t<p>Czas trwania zale\u017cy od skali i zakresu projektu i jest ustalany indywidualnie na pocz\u0105tku wsp\u00f3\u0142pracy.<\/p>\t\t\t\t\t\t\t\t<\/div>\n\t\t\t\t<\/div>\n\t\t\t\t\t<\/div>\n\t\t\t\t<\/div>\n\t\t\t\t\t<\/details>\n\t\t\t\t\t<\/div>\n\t\t\t\t\t\t<\/div>\n\t\t\t\t<\/div>\n\t\t\t\t\t<\/div>\n\t\t\t\t<\/div>\n\t\t\t\t<\/div>\n\t\t","protected":false},"excerpt":{"rendered":"<p>FAQ Frequently Asked Questions Get answers to common inquiries about our services, process, and pricing to guide your decision-making. Jak wygl\u0105da pocz\u0105tek wsp\u00f3\u0142pracy? Wsp\u00f3\u0142prac\u0119 rozpoczynamy od rozmowy, podczas kt\u00f3rej omawiamy potrzeby, zakres projektu, bud\u017cet i harmonogram. Czy projektujecie tylko lokalnie? Siedziba pracowni znajduje si\u0119 w centralnej Polsce, ale realizujemy projekty na terenie ca\u0142ego kraju oraz [&hellip;]<\/p>\n","protected":false},"author":1,"featured_media":0,"parent":0,"menu_order":0,"comment_status":"closed","ping_status":"closed","template":"elementor_header_footer","meta":{"_acf_changed":false,"footnotes":""},"class_list":["post-1111","page","type-page","status-publish","hentry"],"yoast_head":"<!-- This site is optimized with the Yoast SEO plugin v27.3 - https:\/\/yoast.com\/product\/yoast-seo-wordpress\/ -->\n<title>Lookarna - FAQ<\/title>\n<meta name=\"robots\" content=\"index, follow, max-snippet:-1, max-image-preview:large, max-video-preview:-1\" \/>\n<link rel=\"canonical\" href=\"http:\/\/lookarna.com\/index.php\/faq\/\" \/>\n<meta property=\"og:locale\" content=\"pl_PL\" \/>\n<meta property=\"og:type\" content=\"article\" \/>\n<meta property=\"og:title\" content=\"Lookarna - FAQ\" \/>\n<meta property=\"og:description\" content=\"FAQ Frequently Asked Questions Get answers to common inquiries about our services, process, and pricing to guide your decision-making. Jak wygl\u0105da pocz\u0105tek wsp\u00f3\u0142pracy? Wsp\u00f3\u0142prac\u0119 rozpoczynamy od rozmowy, podczas kt\u00f3rej omawiamy potrzeby, zakres projektu, bud\u017cet i harmonogram. Czy projektujecie tylko lokalnie? Siedziba pracowni znajduje si\u0119 w centralnej Polsce, ale realizujemy projekty na terenie ca\u0142ego kraju oraz [&hellip;]\" \/>\n<meta property=\"og:url\" content=\"http:\/\/lookarna.com\/index.php\/faq\/\" \/>\n<meta property=\"og:site_name\" content=\"Interium\" \/>\n<meta property=\"article:modified_time\" content=\"2026-04-06T11:44:45+00:00\" \/>\n<meta name=\"twitter:card\" content=\"summary_large_image\" \/>\n<meta name=\"twitter:label1\" content=\"Szacowany czas czytania\" \/>\n\t<meta name=\"twitter:data1\" content=\"2 minuty\" \/>\n<script type=\"application\/ld+json\" class=\"yoast-schema-graph\">{\"@context\":\"https:\\\/\\\/schema.org\",\"@graph\":[{\"@type\":\"WebPage\",\"@id\":\"http:\\\/\\\/lookarna.com\\\/index.php\\\/faq\\\/\",\"url\":\"http:\\\/\\\/lookarna.com\\\/index.php\\\/faq\\\/\",\"name\":\"Lookarna - FAQ\",\"isPartOf\":{\"@id\":\"http:\\\/\\\/lookarna.com\\\/#website\"},\"datePublished\":\"2025-02-08T12:54:01+00:00\",\"dateModified\":\"2026-04-06T11:44:45+00:00\",\"breadcrumb\":{\"@id\":\"http:\\\/\\\/lookarna.com\\\/index.php\\\/faq\\\/#breadcrumb\"},\"inLanguage\":\"pl-PL\",\"potentialAction\":[{\"@type\":\"ReadAction\",\"target\":[\"http:\\\/\\\/lookarna.com\\\/index.php\\\/faq\\\/\"]}]},{\"@type\":\"BreadcrumbList\",\"@id\":\"http:\\\/\\\/lookarna.com\\\/index.php\\\/faq\\\/#breadcrumb\",\"itemListElement\":[{\"@type\":\"ListItem\",\"position\":1,\"name\":\"Strona g\u0142\u00f3wna\",\"item\":\"http:\\\/\\\/lookarna.com\\\/\"},{\"@type\":\"ListItem\",\"position\":2,\"name\":\"Faq\"}]},{\"@type\":\"WebSite\",\"@id\":\"http:\\\/\\\/lookarna.com\\\/#website\",\"url\":\"http:\\\/\\\/lookarna.com\\\/\",\"name\":\"Interium\",\"description\":\"Architektura tworzona w dialogu\",\"publisher\":{\"@id\":\"http:\\\/\\\/lookarna.com\\\/#organization\"},\"potentialAction\":[{\"@type\":\"SearchAction\",\"target\":{\"@type\":\"EntryPoint\",\"urlTemplate\":\"http:\\\/\\\/lookarna.com\\\/?s={search_term_string}\"},\"query-input\":{\"@type\":\"PropertyValueSpecification\",\"valueRequired\":true,\"valueName\":\"search_term_string\"}}],\"inLanguage\":\"pl-PL\"},{\"@type\":\"Organization\",\"@id\":\"http:\\\/\\\/lookarna.com\\\/#organization\",\"name\":\"Interium\",\"url\":\"http:\\\/\\\/lookarna.com\\\/\",\"logo\":{\"@type\":\"ImageObject\",\"inLanguage\":\"pl-PL\",\"@id\":\"http:\\\/\\\/lookarna.com\\\/#\\\/schema\\\/logo\\\/image\\\/\",\"url\":\"https:\\\/\\\/lookarna.com\\\/wp-content\\\/uploads\\\/2026\\\/02\\\/logo-poziom-small-scaled.png\",\"contentUrl\":\"https:\\\/\\\/lookarna.com\\\/wp-content\\\/uploads\\\/2026\\\/02\\\/logo-poziom-small-scaled.png\",\"width\":2560,\"height\":872,\"caption\":\"Interium\"},\"image\":{\"@id\":\"http:\\\/\\\/lookarna.com\\\/#\\\/schema\\\/logo\\\/image\\\/\"}}]}<\/script>\n<!-- \/ Yoast SEO plugin. -->","yoast_head_json":{"title":"Lookarna - FAQ","robots":{"index":"index","follow":"follow","max-snippet":"max-snippet:-1","max-image-preview":"max-image-preview:large","max-video-preview":"max-video-preview:-1"},"canonical":"http:\/\/lookarna.com\/index.php\/faq\/","og_locale":"pl_PL","og_type":"article","og_title":"Lookarna - FAQ","og_description":"FAQ Frequently Asked Questions Get answers to common inquiries about our services, process, and pricing to guide your decision-making. Jak wygl\u0105da pocz\u0105tek wsp\u00f3\u0142pracy? Wsp\u00f3\u0142prac\u0119 rozpoczynamy od rozmowy, podczas kt\u00f3rej omawiamy potrzeby, zakres projektu, bud\u017cet i harmonogram. Czy projektujecie tylko lokalnie? Siedziba pracowni znajduje si\u0119 w centralnej Polsce, ale realizujemy projekty na terenie ca\u0142ego kraju oraz [&hellip;]","og_url":"http:\/\/lookarna.com\/index.php\/faq\/","og_site_name":"Interium","article_modified_time":"2026-04-06T11:44:45+00:00","twitter_card":"summary_large_image","twitter_misc":{"Szacowany czas czytania":"2 minuty"},"schema":{"@context":"https:\/\/schema.org","@graph":[{"@type":"WebPage","@id":"http:\/\/lookarna.com\/index.php\/faq\/","url":"http:\/\/lookarna.com\/index.php\/faq\/","name":"Lookarna - FAQ","isPartOf":{"@id":"http:\/\/lookarna.com\/#website"},"datePublished":"2025-02-08T12:54:01+00:00","dateModified":"2026-04-06T11:44:45+00:00","breadcrumb":{"@id":"http:\/\/lookarna.com\/index.php\/faq\/#breadcrumb"},"inLanguage":"pl-PL","potentialAction":[{"@type":"ReadAction","target":["http:\/\/lookarna.com\/index.php\/faq\/"]}]},{"@type":"BreadcrumbList","@id":"http:\/\/lookarna.com\/index.php\/faq\/#breadcrumb","itemListElement":[{"@type":"ListItem","position":1,"name":"Strona g\u0142\u00f3wna","item":"http:\/\/lookarna.com\/"},{"@type":"ListItem","position":2,"name":"Faq"}]},{"@type":"WebSite","@id":"http:\/\/lookarna.com\/#website","url":"http:\/\/lookarna.com\/","name":"Interium","description":"Architektura tworzona w dialogu","publisher":{"@id":"http:\/\/lookarna.com\/#organization"},"potentialAction":[{"@type":"SearchAction","target":{"@type":"EntryPoint","urlTemplate":"http:\/\/lookarna.com\/?s={search_term_string}"},"query-input":{"@type":"PropertyValueSpecification","valueRequired":true,"valueName":"search_term_string"}}],"inLanguage":"pl-PL"},{"@type":"Organization","@id":"http:\/\/lookarna.com\/#organization","name":"Interium","url":"http:\/\/lookarna.com\/","logo":{"@type":"ImageObject","inLanguage":"pl-PL","@id":"http:\/\/lookarna.com\/#\/schema\/logo\/image\/","url":"https:\/\/lookarna.com\/wp-content\/uploads\/2026\/02\/logo-poziom-small-scaled.png","contentUrl":"https:\/\/lookarna.com\/wp-content\/uploads\/2026\/02\/logo-poziom-small-scaled.png","width":2560,"height":872,"caption":"Interium"},"image":{"@id":"http:\/\/lookarna.com\/#\/schema\/logo\/image\/"}}]}},"acf":[],"_links":{"self":[{"href":"https:\/\/lookarna.com\/index.php\/wp-json\/wp\/v2\/pages\/1111","targetHints":{"allow":["GET"]}}],"collection":[{"href":"https:\/\/lookarna.com\/index.php\/wp-json\/wp\/v2\/pages"}],"about":[{"href":"https:\/\/lookarna.com\/index.php\/wp-json\/wp\/v2\/types\/page"}],"author":[{"embeddable":true,"href":"https:\/\/lookarna.com\/index.php\/wp-json\/wp\/v2\/users\/1"}],"replies":[{"embeddable":true,"href":"https:\/\/lookarna.com\/index.php\/wp-json\/wp\/v2\/comments?post=1111"}],"version-history":[{"count":25,"href":"https:\/\/lookarna.com\/index.php\/wp-json\/wp\/v2\/pages\/1111\/revisions"}],"predecessor-version":[{"id":3290,"href":"https:\/\/lookarna.com\/index.php\/wp-json\/wp\/v2\/pages\/1111\/revisions\/3290"}],"wp:attachment":[{"href":"https:\/\/lookarna.com\/index.php\/wp-json\/wp\/v2\/media?parent=1111"}],"curies":[{"name":"wp","href":"https:\/\/api.w.org\/{rel}","templated":true}]}}