{"id":2853,"date":"2026-01-31T12:08:50","date_gmt":"2026-01-31T12:08:50","guid":{"rendered":"https:\/\/lookarna.com\/?page_id=2853"},"modified":"2026-04-06T12:44:20","modified_gmt":"2026-04-06T11:44:20","slug":"projekty","status":"publish","type":"page","link":"https:\/\/lookarna.com\/index.php\/projekty\/","title":{"rendered":"Projekty"},"content":{"rendered":"\t\t<div data-elementor-type=\"wp-page\" data-elementor-id=\"2853\" class=\"elementor elementor-2853\">\n\t\t\t\t<div class=\"elementor-element elementor-element-6c03d47 e-flex e-con-boxed e-con e-parent\" data-id=\"6c03d47\" data-element_type=\"container\">\n\t\t\t\t\t<div class=\"e-con-inner\">\n\t\t\t\t<div class=\"elementor-element elementor-element-fefe5e7 elementor-widget elementor-widget-text-editor\" data-id=\"fefe5e7\" data-element_type=\"widget\" data-widget_type=\"text-editor.default\">\n\t\t\t\t\t\t\t\t\t<h1>Nasze projekty<\/h1><p id=\"docs-internal-guid-57cc89b7-7fff-d503-01a0-cdd64f31f963\" dir=\"ltr\" style=\"line-height: 1.38; text-align: justify; margin-top: 12pt; margin-bottom: 12pt;\"><span style=\"font-size: 11pt; font-family: Arial,sans-serif; color: #000000; background-color: transparent; font-weight: 400; font-style: normal; font-variant: normal; text-decoration: none; vertical-align: baseline; white-space: pre-wrap;\">Prezentujemy wybrane projekty wn\u0119trz i budynk\u00f3w &#8211; mieszkaniowych oraz komercyjnych.<\/span><\/p><p dir=\"ltr\" style=\"line-height: 1.38; text-align: justify; margin-top: 12pt; margin-bottom: 12pt;\"><span style=\"font-size: 11pt; font-family: Arial,sans-serif; color: #000000; background-color: transparent; font-weight: 400; font-style: normal; font-variant: normal; text-decoration: none; vertical-align: baseline; white-space: pre-wrap;\">Ka\u017cdy projekt jest odpowiedzi\u0105 na konkretne potrzeby, miejsce i spos\u00f3b \u017cycia u\u017cytkownik\u00f3w. \u0141\u0105czymy funkcjonalno\u015b\u0107 z estetyk\u0105, dbaj\u0105c o sp\u00f3jno\u015b\u0107, detale i ponadczasowy charakter architektury.<\/span><\/p><p dir=\"ltr\" style=\"line-height: 1.38; text-align: justify; margin-top: 12pt; margin-bottom: 12pt;\"><span style=\"font-size: 11pt; font-family: Arial,sans-serif; color: #000000; background-color: transparent; font-weight: 400; font-style: italic; font-variant: normal; text-decoration: none; vertical-align: baseline; white-space: pre-wrap;\">Architektura dopasowana do \u017cycia.<\/span><\/p>\t\t\t\t\t\t\t\t<\/div>\n\t\t\t\t\t<\/div>\n\t\t\t\t<\/div>\n\t\t<div class=\"elementor-element elementor-element-93f0841 e-flex e-con-boxed e-con e-parent\" data-id=\"93f0841\" data-element_type=\"container\">\n\t\t\t\t\t<div class=\"e-con-inner\">\n\t\t\t\t<div class=\"elementor-element elementor-element-8f4e455 elementor-widget elementor-widget-pgsel_portfolio-zigzag\" data-id=\"8f4e455\" data-element_type=\"widget\" data-widget_type=\"pgsel_portfolio-zigzag.default\">\n\t\t\t\t<div class=\"elementor-widget-container\">\n\t\t\t\t\t<div class=\"row justify-content-between row-gap-70\">\n\t\t\t\t<div class=\"col-md-7\">\n\t\t\t\t<div class=\"portfolio-item\">\n\t\t\t\t\t<div class=\"portfolio-img\">\n\t\t\t\t\t\t<img decoding=\"async\" class=\"img-fluid\" src=\"https:\/\/lookarna.com\/wp-content\/uploads\/2026\/02\/@generation-3f41aae9-1f7d-42e3-8362-03c6b998e42d.png\" alt=\"Projekt domu jednorodzinnego pod miastem\">\n\t\t\t\t\t<\/div>\n\t\t\t\t\t<div class=\"portfolio-info\">\n\t\t\t\t\t\t<div class=\"portfolio-info-inner\">\n\t\t\t\t\t\t\t<h3 class=\"portfolio-title\">\n\t\t\t\t\t\t\t\t<a href=\"https:\/\/lookarna.com\/index.php\/portfolio\/projekt-domu-jednorodzinnego-pod-miastem\/\">Projekt domu jednorodzinnego pod miastem<\/a>\n\t\t\t\t\t\t\t<\/h3>\n\t\t\t\t\t\t\t<div class=\"portfolio-date\">\n\t\t\t\t\t\t\t\t03\/02\/2026\t\t\t\t\t\t\t<\/div>\n\t\t\t\t\t\t<\/div>\n\t\t\t\t\t\t<div class=\"portfolio-tags\">\n\t\t\t\t\t\t\t<a href=\"https:\/\/lookarna.com\/index.php\/portfolio-category\/architektura\/\">Architektura<\/a>\n\t\t\t\t\t\t<\/div>\n\t\t\t\t\t<\/div>\n\t\t\t\t<\/div>\n\t\t\t<\/div>\n\t\t\t\t\t\t<div class=\"col-md-5 col-lg-4\">\n\t\t\t\t<div class=\"portfolio-item\">\n\t\t\t\t\t<div class=\"portfolio-img\">\n\t\t\t\t\t\t<img decoding=\"async\" class=\"img-fluid\" src=\"https:\/\/lookarna.com\/wp-content\/uploads\/2026\/02\/@generation-5cd72052-f176-4a1d-b12d-3c792c129555.png\" alt=\"Projekt domu rekreacyjnego 70m\u00b2\">\n\t\t\t\t\t<\/div>\n\t\t\t\t\t<div class=\"portfolio-info\">\n\t\t\t\t\t\t<div class=\"portfolio-info-inner\">\n\t\t\t\t\t\t\t<h3 class=\"portfolio-title\">\n\t\t\t\t\t\t\t\t<a href=\"https:\/\/lookarna.com\/index.php\/portfolio\/projekt-domu-rekreacyjnego-70m2\/\">Projekt domu rekreacyjnego 70m\u00b2<\/a>\n\t\t\t\t\t\t\t<\/h3>\n\t\t\t\t\t\t\t<div class=\"portfolio-date\">\n\t\t\t\t\t\t\t\t02\/02\/2026\t\t\t\t\t\t\t<\/div>\n\t\t\t\t\t\t<\/div>\n\t\t\t\t\t\t<div class=\"portfolio-tags\">\n\t\t\t\t\t\t\t<a href=\"https:\/\/lookarna.com\/index.php\/portfolio-category\/architektura\/\">Architektura<\/a>\n\t\t\t\t\t\t<\/div>\n\t\t\t\t\t<\/div>\n\t\t\t\t<\/div>\n\t\t\t<\/div>\n\t\t\t\t\t\t<div class=\"col-md-5 col-lg-4\">\n\t\t\t\t<div class=\"portfolio-item\">\n\t\t\t\t\t<div class=\"portfolio-img\">\n\t\t\t\t\t\t<img decoding=\"async\" class=\"img-fluid\" src=\"https:\/\/lookarna.com\/wp-content\/uploads\/2026\/02\/@generation-abaf537b-73b0-41d1-9591-2c517145720d.png\" alt=\"Projekt wn\u0119trza nowoczesnej stodo\u0142y\">\n\t\t\t\t\t<\/div>\n\t\t\t\t\t<div class=\"portfolio-info\">\n\t\t\t\t\t\t<div class=\"portfolio-info-inner\">\n\t\t\t\t\t\t\t<h3 class=\"portfolio-title\">\n\t\t\t\t\t\t\t\t<a href=\"https:\/\/lookarna.com\/index.php\/portfolio\/projekt-wnetrza-nowoczesnej-stodoly\/\">Projekt wn\u0119trza nowoczesnej stodo\u0142y<\/a>\n\t\t\t\t\t\t\t<\/h3>\n\t\t\t\t\t\t\t<div class=\"portfolio-date\">\n\t\t\t\t\t\t\t\t01\/02\/2026\t\t\t\t\t\t\t<\/div>\n\t\t\t\t\t\t<\/div>\n\t\t\t\t\t\t<div class=\"portfolio-tags\">\n\t\t\t\t\t\t\t<a href=\"https:\/\/lookarna.com\/index.php\/portfolio-category\/wnetrza-prywatne\/\">Wn\u0119trza prywatne<\/a>\n\t\t\t\t\t\t<\/div>\n\t\t\t\t\t<\/div>\n\t\t\t\t<\/div>\n\t\t\t<\/div>\n\t\t\t\t\t\t<div class=\"col-md-7\">\n\t\t\t\t<div class=\"portfolio-item\">\n\t\t\t\t\t<div class=\"portfolio-img\">\n\t\t\t\t\t\t<img decoding=\"async\" class=\"img-fluid\" src=\"https:\/\/lookarna.com\/wp-content\/uploads\/2026\/02\/@salon-3.png\" alt=\"Projekt wn\u0119trza domu, Wawer, Warszawa\">\n\t\t\t\t\t<\/div>\n\t\t\t\t\t<div class=\"portfolio-info\">\n\t\t\t\t\t\t<div class=\"portfolio-info-inner\">\n\t\t\t\t\t\t\t<h3 class=\"portfolio-title\">\n\t\t\t\t\t\t\t\t<a href=\"https:\/\/lookarna.com\/index.php\/portfolio\/projekt-wnetrza-domu-wawer-warszawa\/\">Projekt wn\u0119trza domu, Wawer, Warszawa<\/a>\n\t\t\t\t\t\t\t<\/h3>\n\t\t\t\t\t\t\t<div class=\"portfolio-date\">\n\t\t\t\t\t\t\t\t31\/01\/2026\t\t\t\t\t\t\t<\/div>\n\t\t\t\t\t\t<\/div>\n\t\t\t\t\t\t<div class=\"portfolio-tags\">\n\t\t\t\t\t\t\t<a href=\"https:\/\/lookarna.com\/index.php\/portfolio-category\/wnetrza-prywatne\/\">Wn\u0119trza prywatne<\/a>\n\t\t\t\t\t\t<\/div>\n\t\t\t\t\t<\/div>\n\t\t\t\t<\/div>\n\t\t\t<\/div>\n\t\t\t\t\t\t<div class=\"col-md-7\">\n\t\t\t\t<div class=\"portfolio-item\">\n\t\t\t\t\t<div class=\"portfolio-img\">\n\t\t\t\t\t\t<img decoding=\"async\" class=\"img-fluid\" src=\"https:\/\/lookarna.com\/wp-content\/uploads\/2026\/02\/@generation-550959ee-d08b-4281-aaa2-5c68af79932e.png\" alt=\"Projekt wn\u0119trza kamienicy w \u0141odzi\">\n\t\t\t\t\t<\/div>\n\t\t\t\t\t<div class=\"portfolio-info\">\n\t\t\t\t\t\t<div class=\"portfolio-info-inner\">\n\t\t\t\t\t\t\t<h3 class=\"portfolio-title\">\n\t\t\t\t\t\t\t\t<a href=\"https:\/\/lookarna.com\/index.php\/portfolio\/projekt-wnetrza-kamienicy-w-lodzi\/\">Projekt wn\u0119trza kamienicy w \u0141odzi<\/a>\n\t\t\t\t\t\t\t<\/h3>\n\t\t\t\t\t\t\t<div class=\"portfolio-date\">\n\t\t\t\t\t\t\t\t30\/01\/2026\t\t\t\t\t\t\t<\/div>\n\t\t\t\t\t\t<\/div>\n\t\t\t\t\t\t<div class=\"portfolio-tags\">\n\t\t\t\t\t\t\t<a href=\"https:\/\/lookarna.com\/index.php\/portfolio-category\/wnetrza-prywatne\/\">Wn\u0119trza prywatne<\/a>\n\t\t\t\t\t\t<\/div>\n\t\t\t\t\t<\/div>\n\t\t\t\t<\/div>\n\t\t\t<\/div>\n\t\t\t\t\t\t<div class=\"col-md-5 col-lg-4\">\n\t\t\t\t<div class=\"portfolio-item\">\n\t\t\t\t\t<div class=\"portfolio-img\">\n\t\t\t\t\t\t<img decoding=\"async\" class=\"img-fluid\" src=\"https:\/\/lookarna.com\/wp-content\/uploads\/2026\/02\/@generation-854500a5-bda3-4541-82ad-9b1c9ec170c3.png\" alt=\"Projekt salonu kosmetycznego w Piotrkowie Trybunalskim\">\n\t\t\t\t\t<\/div>\n\t\t\t\t\t<div class=\"portfolio-info\">\n\t\t\t\t\t\t<div class=\"portfolio-info-inner\">\n\t\t\t\t\t\t\t<h3 class=\"portfolio-title\">\n\t\t\t\t\t\t\t\t<a href=\"https:\/\/lookarna.com\/index.php\/portfolio\/projekt-salonu-kosmetycznego-w-piotrkowie-trybunalskim\/\">Projekt salonu kosmetycznego w Piotrkowie Trybunalskim<\/a>\n\t\t\t\t\t\t\t<\/h3>\n\t\t\t\t\t\t\t<div class=\"portfolio-date\">\n\t\t\t\t\t\t\t\t29\/01\/2026\t\t\t\t\t\t\t<\/div>\n\t\t\t\t\t\t<\/div>\n\t\t\t\t\t\t<div class=\"portfolio-tags\">\n\t\t\t\t\t\t\t<a href=\"https:\/\/lookarna.com\/index.php\/portfolio-category\/wnetrza-komercyjne\/\">Wn\u0119trza komercyjne<\/a>\n\t\t\t\t\t\t<\/div>\n\t\t\t\t\t<\/div>\n\t\t\t\t<\/div>\n\t\t\t<\/div>\n\t\t\t\t\t\t<div class=\"col-md-5 col-lg-4\">\n\t\t\t\t<div class=\"portfolio-item\">\n\t\t\t\t\t<div class=\"portfolio-img\">\n\t\t\t\t\t\t<img decoding=\"async\" class=\"img-fluid\" src=\"https:\/\/lookarna.com\/wp-content\/uploads\/2026\/02\/@generation-98ea4860-bb11-40d8-9778-421bf2827779.png\" alt=\"Projekt wn\u0119trza domu pod Piotrkowem Trybunalskim\">\n\t\t\t\t\t<\/div>\n\t\t\t\t\t<div class=\"portfolio-info\">\n\t\t\t\t\t\t<div class=\"portfolio-info-inner\">\n\t\t\t\t\t\t\t<h3 class=\"portfolio-title\">\n\t\t\t\t\t\t\t\t<a href=\"https:\/\/lookarna.com\/index.php\/portfolio\/projekt-wnetrza-domu-pod-piotrkowem-trybunalskim\/\">Projekt wn\u0119trza domu pod Piotrkowem Trybunalskim<\/a>\n\t\t\t\t\t\t\t<\/h3>\n\t\t\t\t\t\t\t<div class=\"portfolio-date\">\n\t\t\t\t\t\t\t\t28\/01\/2026\t\t\t\t\t\t\t<\/div>\n\t\t\t\t\t\t<\/div>\n\t\t\t\t\t\t<div class=\"portfolio-tags\">\n\t\t\t\t\t\t\t<a href=\"https:\/\/lookarna.com\/index.php\/portfolio-category\/wnetrza-prywatne\/\">Wn\u0119trza prywatne<\/a>\n\t\t\t\t\t\t<\/div>\n\t\t\t\t\t<\/div>\n\t\t\t\t<\/div>\n\t\t\t<\/div>\n\t\t\t\t\t\t<div class=\"col-md-7\">\n\t\t\t\t<div class=\"portfolio-item\">\n\t\t\t\t\t<div class=\"portfolio-img\">\n\t\t\t\t\t\t<img decoding=\"async\" class=\"img-fluid\" src=\"https:\/\/lookarna.com\/wp-content\/uploads\/2026\/02\/@generation-4de50e41-e160-43b4-b230-2df8f23e7630.png\" alt=\"Projekt wn\u0119trza mieszkania na \u0142\u00f3dzkiej Retkini\">\n\t\t\t\t\t<\/div>\n\t\t\t\t\t<div class=\"portfolio-info\">\n\t\t\t\t\t\t<div class=\"portfolio-info-inner\">\n\t\t\t\t\t\t\t<h3 class=\"portfolio-title\">\n\t\t\t\t\t\t\t\t<a href=\"https:\/\/lookarna.com\/index.php\/portfolio\/projekt-wnetrza-mieszkania-na-lodzkiej-retkini\/\">Projekt wn\u0119trza mieszkania na \u0142\u00f3dzkiej Retkini<\/a>\n\t\t\t\t\t\t\t<\/h3>\n\t\t\t\t\t\t\t<div class=\"portfolio-date\">\n\t\t\t\t\t\t\t\t27\/01\/2026\t\t\t\t\t\t\t<\/div>\n\t\t\t\t\t\t<\/div>\n\t\t\t\t\t\t<div class=\"portfolio-tags\">\n\t\t\t\t\t\t\t<a href=\"https:\/\/lookarna.com\/index.php\/portfolio-category\/wnetrza-prywatne\/\">Wn\u0119trza prywatne<\/a>\n\t\t\t\t\t\t<\/div>\n\t\t\t\t\t<\/div>\n\t\t\t\t<\/div>\n\t\t\t<\/div>\n\t\t\t\t\t\t<div class=\"col-md-7\">\n\t\t\t\t<div class=\"portfolio-item\">\n\t\t\t\t\t<div class=\"portfolio-img\">\n\t\t\t\t\t\t<img decoding=\"async\" class=\"img-fluid\" src=\"https:\/\/lookarna.com\/wp-content\/uploads\/2026\/02\/@generation-2ccd3859-9696-4197-8b2f-664d92c2c61a.png\" alt=\"Projekt wn\u0119trza domu w \u0141odzi\">\n\t\t\t\t\t<\/div>\n\t\t\t\t\t<div class=\"portfolio-info\">\n\t\t\t\t\t\t<div class=\"portfolio-info-inner\">\n\t\t\t\t\t\t\t<h3 class=\"portfolio-title\">\n\t\t\t\t\t\t\t\t<a href=\"https:\/\/lookarna.com\/index.php\/portfolio\/projekt-wnetrza-domu-w-lodzi\/\">Projekt wn\u0119trza domu w \u0141odzi<\/a>\n\t\t\t\t\t\t\t<\/h3>\n\t\t\t\t\t\t\t<div class=\"portfolio-date\">\n\t\t\t\t\t\t\t\t26\/01\/2026\t\t\t\t\t\t\t<\/div>\n\t\t\t\t\t\t<\/div>\n\t\t\t\t\t\t<div class=\"portfolio-tags\">\n\t\t\t\t\t\t\t<a href=\"https:\/\/lookarna.com\/index.php\/portfolio-category\/wnetrza-prywatne\/\">Wn\u0119trza prywatne<\/a>\n\t\t\t\t\t\t<\/div>\n\t\t\t\t\t<\/div>\n\t\t\t\t<\/div>\n\t\t\t<\/div>\n\t\t\t\t\t\t<div class=\"col-md-5 col-lg-4\">\n\t\t\t\t<div class=\"portfolio-item\">\n\t\t\t\t\t<div class=\"portfolio-img\">\n\t\t\t\t\t\t<img decoding=\"async\" class=\"img-fluid\" src=\"https:\/\/lookarna.com\/wp-content\/uploads\/2026\/02\/@generation-10ebae22-caf3-4aee-bd64-ca7da78e372b.png\" alt=\"Projekt strefy wej\u015bciowej salonu fryzjerskiego\">\n\t\t\t\t\t<\/div>\n\t\t\t\t\t<div class=\"portfolio-info\">\n\t\t\t\t\t\t<div class=\"portfolio-info-inner\">\n\t\t\t\t\t\t\t<h3 class=\"portfolio-title\">\n\t\t\t\t\t\t\t\t<a href=\"https:\/\/lookarna.com\/index.php\/portfolio\/projekt-strefy-wejsciowej-salonu-fryzjerskiego\/\">Projekt strefy wej\u015bciowej salonu fryzjerskiego<\/a>\n\t\t\t\t\t\t\t<\/h3>\n\t\t\t\t\t\t\t<div class=\"portfolio-date\">\n\t\t\t\t\t\t\t\t25\/01\/2026\t\t\t\t\t\t\t<\/div>\n\t\t\t\t\t\t<\/div>\n\t\t\t\t\t\t<div class=\"portfolio-tags\">\n\t\t\t\t\t\t\t<a href=\"https:\/\/lookarna.com\/index.php\/portfolio-category\/wnetrza-komercyjne\/\">Wn\u0119trza komercyjne<\/a>\n\t\t\t\t\t\t<\/div>\n\t\t\t\t\t<\/div>\n\t\t\t\t<\/div>\n\t\t\t<\/div>\n\t\t\t\t\t\t<div class=\"col-md-5 col-lg-4\">\n\t\t\t\t<div class=\"portfolio-item\">\n\t\t\t\t\t<div class=\"portfolio-img\">\n\t\t\t\t\t\t<img decoding=\"async\" class=\"img-fluid\" src=\"https:\/\/lookarna.com\/wp-content\/uploads\/2026\/02\/@TARAS-NOC.png\" alt=\"Projekt elewacji bli\u017aniaka w Poznaniu\">\n\t\t\t\t\t<\/div>\n\t\t\t\t\t<div class=\"portfolio-info\">\n\t\t\t\t\t\t<div class=\"portfolio-info-inner\">\n\t\t\t\t\t\t\t<h3 class=\"portfolio-title\">\n\t\t\t\t\t\t\t\t<a href=\"https:\/\/lookarna.com\/index.php\/portfolio\/projekt-elewacji-blizniaka-w-poznaniu\/\">Projekt elewacji bli\u017aniaka w Poznaniu<\/a>\n\t\t\t\t\t\t\t<\/h3>\n\t\t\t\t\t\t\t<div class=\"portfolio-date\">\n\t\t\t\t\t\t\t\t24\/01\/2026\t\t\t\t\t\t\t<\/div>\n\t\t\t\t\t\t<\/div>\n\t\t\t\t\t\t<div class=\"portfolio-tags\">\n\t\t\t\t\t\t\t<a href=\"https:\/\/lookarna.com\/index.php\/portfolio-category\/elewacje\/\">Elewacje<\/a>\n\t\t\t\t\t\t<\/div>\n\t\t\t\t\t<\/div>\n\t\t\t\t<\/div>\n\t\t\t<\/div>\n\t\t\t\t\t\t<div class=\"col-md-7\">\n\t\t\t\t<div class=\"portfolio-item\">\n\t\t\t\t\t<div class=\"portfolio-img\">\n\t\t\t\t\t\t<img decoding=\"async\" class=\"img-fluid\" src=\"https:\/\/lookarna.com\/wp-content\/uploads\/2026\/02\/@sypialnia3.png\" alt=\"Projekt wn\u0119trza mieszkania pod Warszaw\u0105\">\n\t\t\t\t\t<\/div>\n\t\t\t\t\t<div class=\"portfolio-info\">\n\t\t\t\t\t\t<div class=\"portfolio-info-inner\">\n\t\t\t\t\t\t\t<h3 class=\"portfolio-title\">\n\t\t\t\t\t\t\t\t<a href=\"https:\/\/lookarna.com\/index.php\/portfolio\/projekt-wnetrza-mieszkania-pod-warszawa\/\">Projekt wn\u0119trza mieszkania pod Warszaw\u0105<\/a>\n\t\t\t\t\t\t\t<\/h3>\n\t\t\t\t\t\t\t<div class=\"portfolio-date\">\n\t\t\t\t\t\t\t\t23\/01\/2026\t\t\t\t\t\t\t<\/div>\n\t\t\t\t\t\t<\/div>\n\t\t\t\t\t\t<div class=\"portfolio-tags\">\n\t\t\t\t\t\t\t<a href=\"https:\/\/lookarna.com\/index.php\/portfolio-category\/wnetrza-prywatne\/\">Wn\u0119trza prywatne<\/a>\n\t\t\t\t\t\t<\/div>\n\t\t\t\t\t<\/div>\n\t\t\t\t<\/div>\n\t\t\t<\/div>\n\t\t\t\t\t\t<div class=\"col-md-7\">\n\t\t\t\t<div class=\"portfolio-item\">\n\t\t\t\t\t<div class=\"portfolio-img\">\n\t\t\t\t\t\t<img decoding=\"async\" class=\"img-fluid\" src=\"https:\/\/lookarna.com\/wp-content\/uploads\/2026\/02\/@generation-58c6e3d5-f3d9-4bf7-b91a-b403e250a5d8.png\" alt=\"Projekt rozbudowy domu wielopokoleniowego\">\n\t\t\t\t\t<\/div>\n\t\t\t\t\t<div class=\"portfolio-info\">\n\t\t\t\t\t\t<div class=\"portfolio-info-inner\">\n\t\t\t\t\t\t\t<h3 class=\"portfolio-title\">\n\t\t\t\t\t\t\t\t<a href=\"https:\/\/lookarna.com\/index.php\/portfolio\/projekt-rozbudowy-domu-wielopokoleniowego\/\">Projekt rozbudowy domu wielopokoleniowego<\/a>\n\t\t\t\t\t\t\t<\/h3>\n\t\t\t\t\t\t\t<div class=\"portfolio-date\">\n\t\t\t\t\t\t\t\t22\/01\/2026\t\t\t\t\t\t\t<\/div>\n\t\t\t\t\t\t<\/div>\n\t\t\t\t\t\t<div class=\"portfolio-tags\">\n\t\t\t\t\t\t\t<a href=\"https:\/\/lookarna.com\/index.php\/portfolio-category\/rozbudowy\/\">Rozbudowy<\/a>\n\t\t\t\t\t\t<\/div>\n\t\t\t\t\t<\/div>\n\t\t\t\t<\/div>\n\t\t\t<\/div>\n\t\t\t<\/div>\n\t\t\t\t<\/div>\n\t\t\t\t<\/div>\n\t\t\t\t\t<\/div>\n\t\t\t\t<\/div>\n\t\t\t\t<\/div>\n\t\t","protected":false},"excerpt":{"rendered":"<p>Nasze projekty Prezentujemy wybrane projekty wn\u0119trz i budynk\u00f3w &#8211; mieszkaniowych oraz komercyjnych. Ka\u017cdy projekt jest odpowiedzi\u0105 na konkretne potrzeby, miejsce i spos\u00f3b \u017cycia u\u017cytkownik\u00f3w. \u0141\u0105czymy funkcjonalno\u015b\u0107 z estetyk\u0105, dbaj\u0105c o sp\u00f3jno\u015b\u0107, detale i ponadczasowy charakter architektury. Architektura dopasowana do \u017cycia. Projekt domu jednorodzinnego pod miastem 03\/02\/2026 Architektura Projekt domu rekreacyjnego 70m\u00b2 02\/02\/2026 Architektura Projekt wn\u0119trza [&hellip;]<\/p>\n","protected":false},"author":1,"featured_media":0,"parent":0,"menu_order":0,"comment_status":"closed","ping_status":"closed","template":"elementor_header_footer","meta":{"_acf_changed":false,"footnotes":""},"class_list":["post-2853","page","type-page","status-publish","hentry"],"yoast_head":"<!-- This site is optimized with the Yoast SEO plugin v27.3 - https:\/\/yoast.com\/product\/yoast-seo-wordpress\/ -->\n<title>Lookarna - Projekty<\/title>\n<meta name=\"robots\" content=\"index, follow, max-snippet:-1, max-image-preview:large, max-video-preview:-1\" \/>\n<link rel=\"canonical\" href=\"https:\/\/lookarna.com\/index.php\/projekty\/\" \/>\n<meta property=\"og:locale\" content=\"pl_PL\" \/>\n<meta property=\"og:type\" content=\"article\" \/>\n<meta property=\"og:title\" content=\"Lookarna - Projekty\" \/>\n<meta property=\"og:description\" content=\"Nasze projekty Prezentujemy wybrane projekty wn\u0119trz i budynk\u00f3w &#8211; mieszkaniowych oraz komercyjnych. Ka\u017cdy projekt jest odpowiedzi\u0105 na konkretne potrzeby, miejsce i spos\u00f3b \u017cycia u\u017cytkownik\u00f3w. \u0141\u0105czymy funkcjonalno\u015b\u0107 z estetyk\u0105, dbaj\u0105c o sp\u00f3jno\u015b\u0107, detale i ponadczasowy charakter architektury. Architektura dopasowana do \u017cycia. Projekt domu jednorodzinnego pod miastem 03\/02\/2026 Architektura Projekt domu rekreacyjnego 70m\u00b2 02\/02\/2026 Architektura Projekt wn\u0119trza [&hellip;]\" \/>\n<meta property=\"og:url\" content=\"https:\/\/lookarna.com\/index.php\/projekty\/\" \/>\n<meta property=\"og:site_name\" content=\"Interium\" \/>\n<meta property=\"article:modified_time\" content=\"2026-04-06T11:44:20+00:00\" \/>\n<meta property=\"og:image\" content=\"http:\/\/lookarna.com\/wp-content\/uploads\/2026\/02\/@generation-3f41aae9-1f7d-42e3-8362-03c6b998e42d.png\" \/>\n<meta name=\"twitter:card\" content=\"summary_large_image\" \/>\n<meta name=\"twitter:label1\" content=\"Szacowany czas czytania\" \/>\n\t<meta name=\"twitter:data1\" content=\"4 minuty\" \/>\n<script type=\"application\/ld+json\" class=\"yoast-schema-graph\">{\"@context\":\"https:\\\/\\\/schema.org\",\"@graph\":[{\"@type\":\"WebPage\",\"@id\":\"https:\\\/\\\/lookarna.com\\\/index.php\\\/projekty\\\/\",\"url\":\"https:\\\/\\\/lookarna.com\\\/index.php\\\/projekty\\\/\",\"name\":\"Lookarna - Projekty\",\"isPartOf\":{\"@id\":\"https:\\\/\\\/lookarna.com\\\/#website\"},\"primaryImageOfPage\":{\"@id\":\"https:\\\/\\\/lookarna.com\\\/index.php\\\/projekty\\\/#primaryimage\"},\"image\":{\"@id\":\"https:\\\/\\\/lookarna.com\\\/index.php\\\/projekty\\\/#primaryimage\"},\"thumbnailUrl\":\"http:\\\/\\\/lookarna.com\\\/wp-content\\\/uploads\\\/2026\\\/02\\\/@generation-3f41aae9-1f7d-42e3-8362-03c6b998e42d.png\",\"datePublished\":\"2026-01-31T12:08:50+00:00\",\"dateModified\":\"2026-04-06T11:44:20+00:00\",\"breadcrumb\":{\"@id\":\"https:\\\/\\\/lookarna.com\\\/index.php\\\/projekty\\\/#breadcrumb\"},\"inLanguage\":\"pl-PL\",\"potentialAction\":[{\"@type\":\"ReadAction\",\"target\":[\"https:\\\/\\\/lookarna.com\\\/index.php\\\/projekty\\\/\"]}]},{\"@type\":\"ImageObject\",\"inLanguage\":\"pl-PL\",\"@id\":\"https:\\\/\\\/lookarna.com\\\/index.php\\\/projekty\\\/#primaryimage\",\"url\":\"http:\\\/\\\/lookarna.com\\\/wp-content\\\/uploads\\\/2026\\\/02\\\/@generation-3f41aae9-1f7d-42e3-8362-03c6b998e42d.png\",\"contentUrl\":\"http:\\\/\\\/lookarna.com\\\/wp-content\\\/uploads\\\/2026\\\/02\\\/@generation-3f41aae9-1f7d-42e3-8362-03c6b998e42d.png\"},{\"@type\":\"BreadcrumbList\",\"@id\":\"https:\\\/\\\/lookarna.com\\\/index.php\\\/projekty\\\/#breadcrumb\",\"itemListElement\":[{\"@type\":\"ListItem\",\"position\":1,\"name\":\"Strona g\u0142\u00f3wna\",\"item\":\"https:\\\/\\\/lookarna.com\\\/\"},{\"@type\":\"ListItem\",\"position\":2,\"name\":\"Projekty\"}]},{\"@type\":\"WebSite\",\"@id\":\"https:\\\/\\\/lookarna.com\\\/#website\",\"url\":\"https:\\\/\\\/lookarna.com\\\/\",\"name\":\"Interium\",\"description\":\"Architektura tworzona w dialogu\",\"publisher\":{\"@id\":\"https:\\\/\\\/lookarna.com\\\/#organization\"},\"potentialAction\":[{\"@type\":\"SearchAction\",\"target\":{\"@type\":\"EntryPoint\",\"urlTemplate\":\"https:\\\/\\\/lookarna.com\\\/?s={search_term_string}\"},\"query-input\":{\"@type\":\"PropertyValueSpecification\",\"valueRequired\":true,\"valueName\":\"search_term_string\"}}],\"inLanguage\":\"pl-PL\"},{\"@type\":\"Organization\",\"@id\":\"https:\\\/\\\/lookarna.com\\\/#organization\",\"name\":\"Interium\",\"url\":\"https:\\\/\\\/lookarna.com\\\/\",\"logo\":{\"@type\":\"ImageObject\",\"inLanguage\":\"pl-PL\",\"@id\":\"https:\\\/\\\/lookarna.com\\\/#\\\/schema\\\/logo\\\/image\\\/\",\"url\":\"https:\\\/\\\/lookarna.com\\\/wp-content\\\/uploads\\\/2026\\\/02\\\/logo-poziom-small-scaled.png\",\"contentUrl\":\"https:\\\/\\\/lookarna.com\\\/wp-content\\\/uploads\\\/2026\\\/02\\\/logo-poziom-small-scaled.png\",\"width\":2560,\"height\":872,\"caption\":\"Interium\"},\"image\":{\"@id\":\"https:\\\/\\\/lookarna.com\\\/#\\\/schema\\\/logo\\\/image\\\/\"}}]}<\/script>\n<!-- \/ Yoast SEO plugin. -->","yoast_head_json":{"title":"Lookarna - Projekty","robots":{"index":"index","follow":"follow","max-snippet":"max-snippet:-1","max-image-preview":"max-image-preview:large","max-video-preview":"max-video-preview:-1"},"canonical":"https:\/\/lookarna.com\/index.php\/projekty\/","og_locale":"pl_PL","og_type":"article","og_title":"Lookarna - Projekty","og_description":"Nasze projekty Prezentujemy wybrane projekty wn\u0119trz i budynk\u00f3w &#8211; mieszkaniowych oraz komercyjnych. Ka\u017cdy projekt jest odpowiedzi\u0105 na konkretne potrzeby, miejsce i spos\u00f3b \u017cycia u\u017cytkownik\u00f3w. \u0141\u0105czymy funkcjonalno\u015b\u0107 z estetyk\u0105, dbaj\u0105c o sp\u00f3jno\u015b\u0107, detale i ponadczasowy charakter architektury. Architektura dopasowana do \u017cycia. Projekt domu jednorodzinnego pod miastem 03\/02\/2026 Architektura Projekt domu rekreacyjnego 70m\u00b2 02\/02\/2026 Architektura Projekt wn\u0119trza [&hellip;]","og_url":"https:\/\/lookarna.com\/index.php\/projekty\/","og_site_name":"Interium","article_modified_time":"2026-04-06T11:44:20+00:00","og_image":[{"url":"http:\/\/lookarna.com\/wp-content\/uploads\/2026\/02\/@generation-3f41aae9-1f7d-42e3-8362-03c6b998e42d.png","type":"","width":"","height":""}],"twitter_card":"summary_large_image","twitter_misc":{"Szacowany czas czytania":"4 minuty"},"schema":{"@context":"https:\/\/schema.org","@graph":[{"@type":"WebPage","@id":"https:\/\/lookarna.com\/index.php\/projekty\/","url":"https:\/\/lookarna.com\/index.php\/projekty\/","name":"Lookarna - Projekty","isPartOf":{"@id":"https:\/\/lookarna.com\/#website"},"primaryImageOfPage":{"@id":"https:\/\/lookarna.com\/index.php\/projekty\/#primaryimage"},"image":{"@id":"https:\/\/lookarna.com\/index.php\/projekty\/#primaryimage"},"thumbnailUrl":"http:\/\/lookarna.com\/wp-content\/uploads\/2026\/02\/@generation-3f41aae9-1f7d-42e3-8362-03c6b998e42d.png","datePublished":"2026-01-31T12:08:50+00:00","dateModified":"2026-04-06T11:44:20+00:00","breadcrumb":{"@id":"https:\/\/lookarna.com\/index.php\/projekty\/#breadcrumb"},"inLanguage":"pl-PL","potentialAction":[{"@type":"ReadAction","target":["https:\/\/lookarna.com\/index.php\/projekty\/"]}]},{"@type":"ImageObject","inLanguage":"pl-PL","@id":"https:\/\/lookarna.com\/index.php\/projekty\/#primaryimage","url":"http:\/\/lookarna.com\/wp-content\/uploads\/2026\/02\/@generation-3f41aae9-1f7d-42e3-8362-03c6b998e42d.png","contentUrl":"http:\/\/lookarna.com\/wp-content\/uploads\/2026\/02\/@generation-3f41aae9-1f7d-42e3-8362-03c6b998e42d.png"},{"@type":"BreadcrumbList","@id":"https:\/\/lookarna.com\/index.php\/projekty\/#breadcrumb","itemListElement":[{"@type":"ListItem","position":1,"name":"Strona g\u0142\u00f3wna","item":"https:\/\/lookarna.com\/"},{"@type":"ListItem","position":2,"name":"Projekty"}]},{"@type":"WebSite","@id":"https:\/\/lookarna.com\/#website","url":"https:\/\/lookarna.com\/","name":"Interium","description":"Architektura tworzona w dialogu","publisher":{"@id":"https:\/\/lookarna.com\/#organization"},"potentialAction":[{"@type":"SearchAction","target":{"@type":"EntryPoint","urlTemplate":"https:\/\/lookarna.com\/?s={search_term_string}"},"query-input":{"@type":"PropertyValueSpecification","valueRequired":true,"valueName":"search_term_string"}}],"inLanguage":"pl-PL"},{"@type":"Organization","@id":"https:\/\/lookarna.com\/#organization","name":"Interium","url":"https:\/\/lookarna.com\/","logo":{"@type":"ImageObject","inLanguage":"pl-PL","@id":"https:\/\/lookarna.com\/#\/schema\/logo\/image\/","url":"https:\/\/lookarna.com\/wp-content\/uploads\/2026\/02\/logo-poziom-small-scaled.png","contentUrl":"https:\/\/lookarna.com\/wp-content\/uploads\/2026\/02\/logo-poziom-small-scaled.png","width":2560,"height":872,"caption":"Interium"},"image":{"@id":"https:\/\/lookarna.com\/#\/schema\/logo\/image\/"}}]}},"acf":[],"_links":{"self":[{"href":"https:\/\/lookarna.com\/index.php\/wp-json\/wp\/v2\/pages\/2853","targetHints":{"allow":["GET"]}}],"collection":[{"href":"https:\/\/lookarna.com\/index.php\/wp-json\/wp\/v2\/pages"}],"about":[{"href":"https:\/\/lookarna.com\/index.php\/wp-json\/wp\/v2\/types\/page"}],"author":[{"embeddable":true,"href":"https:\/\/lookarna.com\/index.php\/wp-json\/wp\/v2\/users\/1"}],"replies":[{"embeddable":true,"href":"https:\/\/lookarna.com\/index.php\/wp-json\/wp\/v2\/comments?post=2853"}],"version-history":[{"count":52,"href":"https:\/\/lookarna.com\/index.php\/wp-json\/wp\/v2\/pages\/2853\/revisions"}],"predecessor-version":[{"id":3430,"href":"https:\/\/lookarna.com\/index.php\/wp-json\/wp\/v2\/pages\/2853\/revisions\/3430"}],"wp:attachment":[{"href":"https:\/\/lookarna.com\/index.php\/wp-json\/wp\/v2\/media?parent=2853"}],"curies":[{"name":"wp","href":"https:\/\/api.w.org\/{rel}","templated":true}]}}